{"id":4203,"date":"2024-01-31T16:49:39","date_gmt":"2024-01-31T16:49:39","guid":{"rendered":"https:\/\/sindifer.com.br\/sndfr\/?page_id=4203"},"modified":"2024-02-07T14:48:15","modified_gmt":"2024-02-07T14:48:15","slug":"descarbonizacao-da-industria-siderurgica","status":"publish","type":"page","link":"https:\/\/sindifer.com.br\/sndfr\/descarbonizacao-da-industria-siderurgica\/","title":{"rendered":"Descarboniza\u00e7\u00e3o da Ind\u00fastria Sider\u00fargica"},"content":{"rendered":"<p>A fotoss\u00edntese promovida pelas florestas plantadas constitui a solu\u00e7\u00e3o da Natureza na descarboniza\u00e7\u00e3o da ind\u00fastria de ferro-gusa.<\/p>\n<p>Saiba mais:\u00a0<a href=\"http:\/\/sindifer.com.br\/sndfr\/wp-content\/uploads\/2024\/01\/Descarbonizacao-da-Industria-Siderurgica-dc-rss.pdf\">Descarboniza\u00e7\u00e3o da Ind\u00fastria Sider\u00fargica<\/a><\/p>\n","protected":false},"excerpt":{"rendered":"<p>A fotoss\u00edntese promovida pelas florestas plantadas constitui a solu\u00e7\u00e3o da Natureza na descarboniza\u00e7\u00e3o da ind\u00fastria de ferro-gusa. Saiba mais:\u00a0Descarboniza\u00e7\u00e3o da Ind\u00fastria Sider\u00fargica<\/p>\n","protected":false},"author":1,"featured_media":0,"parent":0,"menu_order":0,"comment_status":"closed","ping_status":"closed","template":"","meta":{"footnotes":""},"_links":{"self":[{"href":"https:\/\/sindifer.com.br\/sndfr\/wp-json\/wp\/v2\/pages\/4203"}],"collection":[{"href":"https:\/\/sindifer.com.br\/sndfr\/wp-json\/wp\/v2\/pages"}],"about":[{"href":"https:\/\/sindifer.com.br\/sndfr\/wp-json\/wp\/v2\/types\/page"}],"author":[{"embeddable":true,"href":"https:\/\/sindifer.com.br\/sndfr\/wp-json\/wp\/v2\/users\/1"}],"replies":[{"embeddable":true,"href":"https:\/\/sindifer.com.br\/sndfr\/wp-json\/wp\/v2\/comments?post=4203"}],"version-history":[{"count":5,"href":"https:\/\/sindifer.com.br\/sndfr\/wp-json\/wp\/v2\/pages\/4203\/revisions"}],"predecessor-version":[{"id":4225,"href":"https:\/\/sindifer.com.br\/sndfr\/wp-json\/wp\/v2\/pages\/4203\/revisions\/4225"}],"wp:attachment":[{"href":"https:\/\/sindifer.com.br\/sndfr\/wp-json\/wp\/v2\/media?parent=4203"}],"curies":[{"name":"wp","href":"https:\/\/api.w.org\/{rel}","templated":true}]}}