{"id":3776,"date":"2021-02-25T21:23:07","date_gmt":"2021-02-25T21:23:07","guid":{"rendered":"http:\/\/site1376403696.hospedagemdesites.ws\/sndfr\/?page_id=3776"},"modified":"2024-08-21T12:09:39","modified_gmt":"2024-08-21T12:09:39","slug":"contato","status":"publish","type":"page","link":"https:\/\/sindifer.com.br\/sndfr\/contato\/","title":{"rendered":"Contato"},"content":{"rendered":"\r\n<p>O Sindifer tem um compromisso permanente com sua satisfa\u00e7\u00e3o.<\/p>\r\n\r\n\r\n\r\n<p>Por esse motivo, colocamos \u00e0 sua disposi\u00e7\u00e3o nossos canais de atendimento. Por meio deles voc\u00ea poder\u00e1 nos enviar suas d\u00favidas, reclama\u00e7\u00f5es, sugest\u00f5es e elogios.<\/p>\r\n\r\n\r\n\r\n<p><strong>Telefones: +55 (31) 3071-6161 \/ 3264-1881<br \/>E-Mail:\u00a0<a href=\"mailto:sindifer@sindifer.com.br\">sindifer@sindifer.com.br<\/a><br \/>Endere\u00e7o: Av. do Contorno, 4480 &#8211; Salas 1107 a 1110 &#8211; Funcion\u00e1rios &#8211; Belo Horizonte \/ MG<br \/>CEP: 30.110-090<\/strong><\/p>\r\n","protected":false},"excerpt":{"rendered":"<p>O Sindifer tem um compromisso permanente com sua satisfa\u00e7\u00e3o. Por esse motivo, colocamos \u00e0 sua disposi\u00e7\u00e3o nossos canais de atendimento. Por meio deles voc\u00ea poder\u00e1 nos enviar suas d\u00favidas, reclama\u00e7\u00f5es, sugest\u00f5es e elogios. Telefones: +55 (31) 3071-6161 \/ 3264-1881E-Mail:\u00a0sindifer@sindifer.com.brEndere\u00e7o: Av. do Contorno, 4480 &#8211; Salas 1107 a 1110 &#8211; Funcion\u00e1rios &#8211; Belo Horizonte \/ MGCEP:<\/p>\n","protected":false},"author":1,"featured_media":0,"parent":0,"menu_order":0,"comment_status":"closed","ping_status":"closed","template":"","meta":{"footnotes":""},"_links":{"self":[{"href":"https:\/\/sindifer.com.br\/sndfr\/wp-json\/wp\/v2\/pages\/3776"}],"collection":[{"href":"https:\/\/sindifer.com.br\/sndfr\/wp-json\/wp\/v2\/pages"}],"about":[{"href":"https:\/\/sindifer.com.br\/sndfr\/wp-json\/wp\/v2\/types\/page"}],"author":[{"embeddable":true,"href":"https:\/\/sindifer.com.br\/sndfr\/wp-json\/wp\/v2\/users\/1"}],"replies":[{"embeddable":true,"href":"https:\/\/sindifer.com.br\/sndfr\/wp-json\/wp\/v2\/comments?post=3776"}],"version-history":[{"count":4,"href":"https:\/\/sindifer.com.br\/sndfr\/wp-json\/wp\/v2\/pages\/3776\/revisions"}],"predecessor-version":[{"id":4485,"href":"https:\/\/sindifer.com.br\/sndfr\/wp-json\/wp\/v2\/pages\/3776\/revisions\/4485"}],"wp:attachment":[{"href":"https:\/\/sindifer.com.br\/sndfr\/wp-json\/wp\/v2\/media?parent=3776"}],"curies":[{"name":"wp","href":"https:\/\/api.w.org\/{rel}","templated":true}]}}