{"id":3712,"date":"2020-11-17T15:20:22","date_gmt":"2020-11-17T15:20:22","guid":{"rendered":"http:\/\/site1376403696.hospedagemdesites.ws\/sndfr\/?page_id=3712"},"modified":"2020-11-18T17:23:22","modified_gmt":"2020-11-18T17:23:22","slug":"siderurgia-a-carvao-vegetal","status":"publish","type":"page","link":"https:\/\/sindifer.com.br\/sndfr\/siderurgia-a-carvao-vegetal\/","title":{"rendered":"Siderurgia a Carv\u00e3o Vegetal"},"content":{"rendered":"\n<p>Com a tecnologia avan\u00e7ada totalmente desenvolvida pela pr\u00f3pria siderurgia brasileira, hoje exportada para outros pa\u00edses, as usinas produtoras de ferro-gusa utilizam carv\u00e3o vegetal como termo redutor.<br>O carv\u00e3o vegetal utilizado \u00e9 origin\u00e1rio, exclusivamente, de florestas plantadas ou planos de manejo florestais, o que contribui decisivamente para que o processo completo (reflorestamento + opera\u00e7\u00e3o da usina) gere um resultado significativamente positivo para efeito de redu\u00e7\u00e3o das emiss\u00f5es de gases do efeito estufa.<br>Como todos os vegetais em processo de crescimento, as \u00e1rvores retiram g\u00e1s carb\u00f4nico da atmosfera ao mesmo tempo em que nela liberam oxig\u00eanio. Pelas suas dimens\u00f5es, pela ampla superf\u00edcie foliar e pelo longo ciclo de colheita, as florestas plantadas fazem isso com particular efici\u00eancia.<br>Num sistema de rendimento sustent\u00e1vel, para cada hectare em processo de colheita, existem pelo menos seis em processo de crescimento purificando o ar e amenizando as varia\u00e7\u00f5es clim\u00e1ticas.<br>Tamb\u00e9m constitui um importante fator de inclus\u00e3o social, gerando emprego e renda em todas as camadas da popula\u00e7\u00e3o.<br>Pelas pr\u00f3prias caracter\u00edsticas de suas opera\u00e7\u00f5es industriais, a siderurgia j\u00e1 \u00e9 uma atividade que demanda m\u00e3o-de-obra intensiva, sendo, portanto, grande geradora de empregos.<br>Ao utilizar o carv\u00e3o vegetal como termo redutor, a siderurgia praticamente triplica essa capacidade de gerar empregos na implanta\u00e7\u00e3o e manuten\u00e7\u00e3o das florestas, na colheita, baldeio e transporte de madeira e, por fim, na pr\u00f3pria produ\u00e7\u00e3o do carv\u00e3o.<br>\u00c9 muito importante ressaltar tamb\u00e9m que as atividades florestais, geralmente implantadas em regi\u00f5es carentes e com poucas oportunidades de trabalho, sempre trazem melhorias no IDH &#8211; \u00cdndice de Desenvolvimento Humano \u2013 regional.<\/p>\n\n\n\n<p>\u201cNunca \u00e9 demais lembrar que o carv\u00e3o vegetal \u00e9 um uma fonte de energia renov\u00e1vel. Em tempos de efeito estufa e aquecimento global, a siderurgia a carv\u00e3o vegetal deveria receber apoio e incentivos das autoridades brasileiras em todos os n\u00edveis e tamb\u00e9m das comunidades ambientalistas nacionais e internacionais. Como se sabe, esta \u00e9 a \u00fanica ind\u00fastria no mundo capaz de produzir bens imprescind\u00edveis ao desenvolvimento, ao mesmo tempo em que limpa a atmosfera\u201d.<\/p>\n","protected":false},"excerpt":{"rendered":"<p>Com a tecnologia avan\u00e7ada totalmente desenvolvida pela pr\u00f3pria siderurgia brasileira, hoje exportada para outros pa\u00edses, as usinas produtoras de ferro-gusa utilizam carv\u00e3o vegetal como termo redutor.O carv\u00e3o vegetal utilizado \u00e9 origin\u00e1rio, exclusivamente, de florestas plantadas ou planos de manejo florestais, o que contribui decisivamente para que o processo completo (reflorestamento + opera\u00e7\u00e3o da usina) gere<\/p>\n","protected":false},"author":1,"featured_media":0,"parent":0,"menu_order":0,"comment_status":"closed","ping_status":"closed","template":"","meta":{"footnotes":""},"_links":{"self":[{"href":"https:\/\/sindifer.com.br\/sndfr\/wp-json\/wp\/v2\/pages\/3712"}],"collection":[{"href":"https:\/\/sindifer.com.br\/sndfr\/wp-json\/wp\/v2\/pages"}],"about":[{"href":"https:\/\/sindifer.com.br\/sndfr\/wp-json\/wp\/v2\/types\/page"}],"author":[{"embeddable":true,"href":"https:\/\/sindifer.com.br\/sndfr\/wp-json\/wp\/v2\/users\/1"}],"replies":[{"embeddable":true,"href":"https:\/\/sindifer.com.br\/sndfr\/wp-json\/wp\/v2\/comments?post=3712"}],"version-history":[{"count":2,"href":"https:\/\/sindifer.com.br\/sndfr\/wp-json\/wp\/v2\/pages\/3712\/revisions"}],"predecessor-version":[{"id":3721,"href":"https:\/\/sindifer.com.br\/sndfr\/wp-json\/wp\/v2\/pages\/3712\/revisions\/3721"}],"wp:attachment":[{"href":"https:\/\/sindifer.com.br\/sndfr\/wp-json\/wp\/v2\/media?parent=3712"}],"curies":[{"name":"wp","href":"https:\/\/api.w.org\/{rel}","templated":true}]}}