{"id":3710,"date":"2020-11-17T15:15:58","date_gmt":"2020-11-17T15:15:58","guid":{"rendered":"http:\/\/site1376403696.hospedagemdesites.ws\/sndfr\/?page_id=3710"},"modified":"2020-11-17T15:15:59","modified_gmt":"2020-11-17T15:15:59","slug":"energia-renovavel-da-biomassa","status":"publish","type":"page","link":"https:\/\/sindifer.com.br\/sndfr\/energia-renovavel-da-biomassa\/","title":{"rendered":"Energia Renov\u00e1vel da Biomassa"},"content":{"rendered":"\n<p>Durante algumas centenas de milhares de anos, ap\u00f3s o homem primitivo aprender a dominar o fogo, essa fonte de energia significou prote\u00e7\u00e3o contra inimigos, aquecimento e conquista de regi\u00f5es mais frias. A madeira iniciava assim a sua contribui\u00e7\u00e3o para o bem-estar, a seguran\u00e7a e o progresso do homem. Pode-se dizer que esse foi o in\u00edcio de um processo do qual resultou a civiliza\u00e7\u00e3o.<br>Neste in\u00edcio de 3\u00ba mil\u00eanio, o homem pode se aquecer de outras fontes de calor. Entretanto, a iminente exaust\u00e3o das fontes f\u00f3sseis de energia constitui motivo de preocupa\u00e7\u00e3o de governos, de cientistas e de toda sociedade.<br>Diante dessas perspectivas, \u00e9 certo que a biomassa j\u00e1 desempenha, e continuar\u00e1 desempenhando, um papel muito importante, n\u00e3o s\u00f3 como energia renov\u00e1vel, mas tamb\u00e9m como sequestradora de g\u00e1s carb\u00f4nico. Numa cita\u00e7\u00e3o casual, o Prof. Ronaldo Sampaio comenta:<\/p>\n\n\n\n<blockquote class=\"wp-block-quote\"><p>\u2026durante meio bilh\u00e3o de anos, a fotoss\u00edntese retirou g\u00e1s carb\u00f4nico da atmosfera e sepultou-o sob a forma de carv\u00e3o mineral, petr\u00f3leo e g\u00e1s natural. Nos \u00faltimos 200 anos, o processo foi revertido pela necessidade de energia do mundo moderno, principalmente pela necessidade do mundo industrial.<\/p><\/blockquote>\n\n\n\n<p>De fato, quando se queimam combust\u00edveis f\u00f3sseis, devolve-se o g\u00e1s carb\u00f4nico para atmosfera. E o g\u00e1s carb\u00f4nico, como se sabe, \u00e9 o principal componente dos Gases do Efeito Estufa (GEE) e, portanto, o principal respons\u00e1vel pelo aquecimento global. Como consequ\u00eancia desse aquecimento, al\u00e9m das obviedades como derretimento das calotas polares e aumento dos n\u00edveis dos oceanos, os cientistas j\u00e1 preveem o aumento da frequ\u00eancia e da intensidade de outras desordens clim\u00e1ticas, como tempestades de granizo, ciclones e furac\u00f5es.<br>Portanto, seja pela escassez das fontes f\u00f3sseis tradicionais, seja pelos seus benef\u00edcios ao meio ambiente, a energia renov\u00e1vel da biomassa est\u00e1 cada vez mais presente nos interesses econ\u00f4micos, estrat\u00e9gicos, sociais e, sobretudo, ambientais. E mais uma vez valer-se-\u00e1 o Brasil de suas insuper\u00e1veis condi\u00e7\u00f5es naturais de clima e solo aliadas a uma silvicultura de alt\u00edssimo rendimento para se impor no cen\u00e1rio mundial como refer\u00eancia no combate ao aquecimento global.<\/p>\n\n\n\n<p>Em Minas Gerais, as planta\u00e7\u00f5es de eucaliptos s\u00e3o realmente importantes para a economia do estado, seja como fonte de energia renov\u00e1vel seja como mat\u00e9ria-prima para diversas ind\u00fastrias. A maior parte da madeira destina-se mesmo ao suprimento da siderurgia a carv\u00e3o vegetal. O segundo segmento consumidor \u00e9 a ind\u00fastria de celulose.<\/p>\n","protected":false},"excerpt":{"rendered":"<p>Durante algumas centenas de milhares de anos, ap\u00f3s o homem primitivo aprender a dominar o fogo, essa fonte de energia significou prote\u00e7\u00e3o contra inimigos, aquecimento e conquista de regi\u00f5es mais frias. A madeira iniciava assim a sua contribui\u00e7\u00e3o para o bem-estar, a seguran\u00e7a e o progresso do homem. Pode-se dizer que esse foi o in\u00edcio<\/p>\n","protected":false},"author":1,"featured_media":0,"parent":0,"menu_order":0,"comment_status":"closed","ping_status":"closed","template":"","meta":{"footnotes":""},"_links":{"self":[{"href":"https:\/\/sindifer.com.br\/sndfr\/wp-json\/wp\/v2\/pages\/3710"}],"collection":[{"href":"https:\/\/sindifer.com.br\/sndfr\/wp-json\/wp\/v2\/pages"}],"about":[{"href":"https:\/\/sindifer.com.br\/sndfr\/wp-json\/wp\/v2\/types\/page"}],"author":[{"embeddable":true,"href":"https:\/\/sindifer.com.br\/sndfr\/wp-json\/wp\/v2\/users\/1"}],"replies":[{"embeddable":true,"href":"https:\/\/sindifer.com.br\/sndfr\/wp-json\/wp\/v2\/comments?post=3710"}],"version-history":[{"count":1,"href":"https:\/\/sindifer.com.br\/sndfr\/wp-json\/wp\/v2\/pages\/3710\/revisions"}],"predecessor-version":[{"id":3711,"href":"https:\/\/sindifer.com.br\/sndfr\/wp-json\/wp\/v2\/pages\/3710\/revisions\/3711"}],"wp:attachment":[{"href":"https:\/\/sindifer.com.br\/sndfr\/wp-json\/wp\/v2\/media?parent=3710"}],"curies":[{"name":"wp","href":"https:\/\/api.w.org\/{rel}","templated":true}]}}