{"id":3708,"date":"2020-11-17T15:09:46","date_gmt":"2020-11-17T15:09:46","guid":{"rendered":"http:\/\/site1376403696.hospedagemdesites.ws\/sndfr\/?page_id=3708"},"modified":"2020-11-17T15:09:47","modified_gmt":"2020-11-17T15:09:47","slug":"silvicultura-no-brasil","status":"publish","type":"page","link":"https:\/\/sindifer.com.br\/sndfr\/silvicultura-no-brasil\/","title":{"rendered":"Silvicultura no Brasil"},"content":{"rendered":"\n<p>As Usinas independentes instaladas em Minas Gerais e, tamb\u00e9m, nos demais estados do Brasil, utilizam, no seu processo de produ\u00e7\u00e3o de Ferro-Gusa, exclusivamente o carv\u00e3o vegetal, atrav\u00e9s de uma tecnologia desenvolvida no pr\u00f3prio pa\u00eds.<br>Para a produ\u00e7\u00e3o do carv\u00e3o vegetal, inicialmente, foi utilizada madeira oriunda da supress\u00e3o de florestas para crescimento da fronteira da agropecu\u00e1ria brasileira.<br>Ap\u00f3s a aprova\u00e7\u00e3o da segunda vers\u00e3o C\u00f3digo Florestal, em 1965 (a primeira foi em 1934), que definiu uma nova pol\u00edtica para utiliza\u00e7\u00e3o de madeira para fins energ\u00e9ticos, relativa ao meio ambiente e a transi\u00e7\u00e3o para utiliza\u00e7\u00e3o somente madeira oriunda de florestas plantadas, confirmada pelo terceira vers\u00e3o do C\u00f3digo Florestal aprovado em 2012 e a Lei Florestal do estado de Minas Gerais, publicada em 2013.<br>Para isso muitas empresas investiram em projetos de reflorestamentos tornando-se autossuficientes, outras em parte e outras buscando o suprimento atrav\u00e9s de fomentos a produtores rurais que desejassem; tamb\u00e9m foram criadas empresas com atua\u00e7\u00e3o exclusiva do ramo, pois viram na silvicultura uma oportunidade de neg\u00f3cio.<br>A implanta\u00e7\u00e3o dos projetos florestais, em Minas Gerais, via de regra, se deram em regi\u00f5es mais carentes, por isso exercem, tamb\u00e9m, uma relevante fun\u00e7\u00e3o Social, pois geram emprego e renda para a popula\u00e7\u00e3o local, o que, muitas vezes, \u00e9 demonstrado pelo aumento do IDH da regi\u00e3o, ap\u00f3s a implanta\u00e7\u00e3o dos projetos.<\/p>\n\n\n\n<h2 class=\"wp-block-heading\"><br>Taxonomia<\/h2>\n\n\n\n<p>As esp\u00e9cies adotadas s\u00e3o dos g\u00eaneros bot\u00e2nicos \u201cEucalyptus\u201d\u00a0e \u201cCorymbia\u201d e est\u00e3o entre as, aproximadamente, 700 j\u00e1 descritas; por suas caracter\u00edsticas: a \u00e1rvore cresce rapidamente e pode atingir 30 metros de altura em 7 anos (ciclo normal), com grande produtividade, podendo apresentar um rendimento m\u00e9dio de at\u00e9 35 m\u00b3 de madeira por hectare por ano. Independentemente dos g\u00eaneros a que perten\u00e7am, as \u00e1rvores continuam recebendo a denomina\u00e7\u00e3o gen\u00e9rica de eucaliptos.<\/p>\n\n\n\n<h2 class=\"wp-block-heading\"><br>Usos M\u00faltiplos da madeira do Eucalipto<\/h2>\n\n\n\n<p>Conforme j\u00e1 foi dito, o principal uso da madeira de eucalipto em Minas Gerais \u00e9 na produ\u00e7\u00e3o de carv\u00e3o vegetal, consumido pelas empresas sider\u00fargicas e pelas produtoras de ferroligas.\u00a0<br>Por\u00e9m a madeira do Eucalipto pode ter outras utiliza\u00e7\u00f5es industriais como na produ\u00e7\u00e3o de: celulose, pap\u00e9is em geral, produtos cer\u00e2micos, calcina\u00e7\u00e3o, compensados e chapas de aglomerados, madeira para m\u00f3veis, como como combust\u00edvel para gera\u00e7\u00e3o de energia (termoel\u00e9trica) ou de calor (caldeiras) \u2013 biomassa \u2013 , constru\u00e7\u00e3o de casas, pisos, mour\u00f5es de cerca, postes de eletricidade, entre outras.<br>Tamb\u00e9m, de suas folhas, extrai-se um \u00f3leo essencial que \u00e9 usado em produtos de limpeza, perfumes e medicamentos.<br>Em Minas Gerais, lenha e carv\u00e3o vegetal s\u00e3o importantes componentes na matriz energ\u00e9tica do estado, sendo superados apenas pelo petr\u00f3leo.\u00a0<\/p>\n","protected":false},"excerpt":{"rendered":"<p>As Usinas independentes instaladas em Minas Gerais e, tamb\u00e9m, nos demais estados do Brasil, utilizam, no seu processo de produ\u00e7\u00e3o de Ferro-Gusa, exclusivamente o carv\u00e3o vegetal, atrav\u00e9s de uma tecnologia desenvolvida no pr\u00f3prio pa\u00eds.Para a produ\u00e7\u00e3o do carv\u00e3o vegetal, inicialmente, foi utilizada madeira oriunda da supress\u00e3o de florestas para crescimento da fronteira da agropecu\u00e1ria brasileira.Ap\u00f3s<\/p>\n","protected":false},"author":1,"featured_media":0,"parent":0,"menu_order":0,"comment_status":"closed","ping_status":"closed","template":"","meta":{"footnotes":""},"_links":{"self":[{"href":"https:\/\/sindifer.com.br\/sndfr\/wp-json\/wp\/v2\/pages\/3708"}],"collection":[{"href":"https:\/\/sindifer.com.br\/sndfr\/wp-json\/wp\/v2\/pages"}],"about":[{"href":"https:\/\/sindifer.com.br\/sndfr\/wp-json\/wp\/v2\/types\/page"}],"author":[{"embeddable":true,"href":"https:\/\/sindifer.com.br\/sndfr\/wp-json\/wp\/v2\/users\/1"}],"replies":[{"embeddable":true,"href":"https:\/\/sindifer.com.br\/sndfr\/wp-json\/wp\/v2\/comments?post=3708"}],"version-history":[{"count":1,"href":"https:\/\/sindifer.com.br\/sndfr\/wp-json\/wp\/v2\/pages\/3708\/revisions"}],"predecessor-version":[{"id":3709,"href":"https:\/\/sindifer.com.br\/sndfr\/wp-json\/wp\/v2\/pages\/3708\/revisions\/3709"}],"wp:attachment":[{"href":"https:\/\/sindifer.com.br\/sndfr\/wp-json\/wp\/v2\/media?parent=3708"}],"curies":[{"name":"wp","href":"https:\/\/api.w.org\/{rel}","templated":true}]}}