{"id":3706,"date":"2020-11-17T15:04:16","date_gmt":"2020-11-17T15:04:16","guid":{"rendered":"http:\/\/site1376403696.hospedagemdesites.ws\/sndfr\/?page_id=3706"},"modified":"2020-11-17T15:04:17","modified_gmt":"2020-11-17T15:04:17","slug":"controle-de-efluentes-e-residuos-solidos","status":"publish","type":"page","link":"https:\/\/sindifer.com.br\/sndfr\/controle-de-efluentes-e-residuos-solidos\/","title":{"rendered":"Controle de Efluentes e Res\u00edduos S\u00f3lidos"},"content":{"rendered":"\n<h2 class=\"wp-block-heading\">Efluentes L\u00edquidos<\/h2>\n\n\n\n<p>No processo de produ\u00e7\u00e3o de Ferro Gusa h\u00e1 uma utiliza\u00e7\u00e3o intensiva de \u00e1gua, principalmente na etapa de resfriamento do alto forno. Por\u00e9m, com a implanta\u00e7\u00e3o de sistemas eficientes de recircula\u00e7\u00e3o, em circuito fechado, do volume de \u00e1gua utilizado h\u00e1 um reaproveitamento, em m\u00e9dia, de 93%, chegando at\u00e9, em algumas ind\u00fastrias, a 96%, o que, praticamente, reduz a n\u00edveis baix\u00edssimos a emiss\u00e3o de efluentes l\u00edquidos, no processo.<\/p>\n\n\n\n<h2 class=\"wp-block-heading\">Emiss\u00f5es atmosf\u00e9ricas<\/h2>\n\n\n\n<p>Fontes de emiss\u00f5es atmosf\u00e9ricas est\u00e3o presentes em praticamente todas as etapas de produ\u00e7\u00e3o de ferro-gusa. Alguns poluentes formam misturas gasosas no ar. Para controle dessas emiss\u00f5es, s\u00e3o utilizadas alternativas visando tratamento e limpeza do ar.<\/p>\n\n\n\n<p>Sempre foi uma preocupa\u00e7\u00e3o muito grande do setor, o controle das emiss\u00f5es atmosf\u00e9ricas. E isso ficou demonstrado quando, em 2001, por n\u00e3o existir uma legisla\u00e7\u00e3o espec\u00edfica, juntamente com a Funda\u00e7\u00e3o Estadual do Meio Ambiente &#8211; FEAM, foi elaborada uma Delibera\u00e7\u00e3o Normativa (DN) COPAM no. 49 que, entre outras coisas, dispunha e definia limites, de acordo com a localiza\u00e7\u00e3o das usina, utilizando o conceito de \u201cCarga Limite\u201d para as emiss\u00f5es atmosf\u00e9ricas, seguindo padr\u00f5es internacionais.<br>Para isso, o Setor, atrav\u00e9s do SINDIFER, e a FEAM constitu\u00edram uma equipe de trabalho para pesquisar e conhecer como era tratado em outros pa\u00edses, inclusive com visitas \u201cin loco\u201d. Foi um grande trabalho que teve como resultados, itens de controles comparadas aos padr\u00f5es internacionais.<br>Por sua vez, as empresas se tiveram que fazer expressivos investimentos na adapta\u00e7\u00e3o de equipamentos, instala\u00e7\u00e3o de filtros de manga, purificadores de ar, coletores de umidade de impacto, controle de polui\u00e7\u00e3o no topo do alto-forno, entre outros.<br>Foi o primeiro Setor produtivo a ter uma iniciativa como esta.<br>A DN no. 49, teve sua vig\u00eancia at\u00e9 09\/2013, quando revogada e foi substitu\u00edda pela Delibera\u00e7\u00e3o Normativa (DN) no. 187, da COPAM, que estabeleceu novos limites para as diversas fontes fixas da empresa e de acordo com a composi\u00e7\u00e3o dos gases e da caracter\u00edstica dos particulados da emiss\u00e3o.<br>Foi dado um prazo para as empresas se adequarem, pois necessitava de investimentos.<\/p>\n\n\n\n<h2 class=\"wp-block-heading\">Res\u00edduos S\u00f3lidos<\/h2>\n\n\n\n<p>A gera\u00e7\u00e3o de res\u00edduos s\u00f3lidos \u00e9 um dos problemas enfrentados pela ind\u00fastria sider\u00fargica. A preocupa\u00e7\u00e3o com esses res\u00edduos est\u00e1 relacionada com a diversidade e com o volume gerado. Os \u00f3rg\u00e3os ambientais e tamb\u00e9m as ind\u00fastrias chegaram \u00e0 conclus\u00e3o de que a polui\u00e7\u00e3o industrial \u00e9, na verdade, uma forma de desperd\u00edcio e inefici\u00eancia dos processos de produ\u00e7\u00e3o. Res\u00edduos industriais representam, em muitos casos, perdas de mat\u00e9ria-prima e insumos. O gerenciamento de res\u00edduos \u2013 redu\u00e7\u00e3o, reutiliza\u00e7\u00e3o, tratamento e descarte final \u2013 \u00e9 o caminho sustent\u00e1vel para dar continuidade a um processo industrial j\u00e1 implantado.<br>No caso de res\u00edduos que n\u00e3o t\u00eam uso econ\u00f4mico, h\u00e1 v\u00e1rias alternativas para tratamento e descarte adequados. A deposi\u00e7\u00e3o em aterros, por exemplo, \u00e9 a alternativa mais adequada e usada quando o res\u00edduo \u00e9 est\u00e1vel, n\u00e3o prejudicial e n\u00e3o tem valor em quantidades recuper\u00e1veis.<br>Pesquisas e experi\u00eancias pr\u00e1ticas t\u00eam mostrado que alguns res\u00edduos s\u00f3lidos gerados na produ\u00e7\u00e3o de ferro-gusa podem ter outros usos e diversas aplica\u00e7\u00f5es. Al\u00e9m dos ganhos ambientais, as aplica\u00e7\u00f5es significam novas perspectivas econ\u00f4micas.<br>\u00c9 importante salientar que qualquer aplica\u00e7\u00e3o requer uma caracteriza\u00e7\u00e3o das fontes geradoras. Para cada ind\u00fastria h\u00e1 uma alternativa certa de gerenciamento, levando-se em conta alguns fatores, entre eles, a natureza do processo, localiza\u00e7\u00e3o geogr\u00e1fica e condi\u00e7\u00f5es regionais.<\/p>\n","protected":false},"excerpt":{"rendered":"<p>Efluentes L\u00edquidos No processo de produ\u00e7\u00e3o de Ferro Gusa h\u00e1 uma utiliza\u00e7\u00e3o intensiva de \u00e1gua, principalmente na etapa de resfriamento do alto forno. Por\u00e9m, com a implanta\u00e7\u00e3o de sistemas eficientes de recircula\u00e7\u00e3o, em circuito fechado, do volume de \u00e1gua utilizado h\u00e1 um reaproveitamento, em m\u00e9dia, de 93%, chegando at\u00e9, em algumas ind\u00fastrias, a 96%, o<\/p>\n","protected":false},"author":1,"featured_media":0,"parent":0,"menu_order":0,"comment_status":"closed","ping_status":"closed","template":"","meta":{"footnotes":""},"_links":{"self":[{"href":"https:\/\/sindifer.com.br\/sndfr\/wp-json\/wp\/v2\/pages\/3706"}],"collection":[{"href":"https:\/\/sindifer.com.br\/sndfr\/wp-json\/wp\/v2\/pages"}],"about":[{"href":"https:\/\/sindifer.com.br\/sndfr\/wp-json\/wp\/v2\/types\/page"}],"author":[{"embeddable":true,"href":"https:\/\/sindifer.com.br\/sndfr\/wp-json\/wp\/v2\/users\/1"}],"replies":[{"embeddable":true,"href":"https:\/\/sindifer.com.br\/sndfr\/wp-json\/wp\/v2\/comments?post=3706"}],"version-history":[{"count":1,"href":"https:\/\/sindifer.com.br\/sndfr\/wp-json\/wp\/v2\/pages\/3706\/revisions"}],"predecessor-version":[{"id":3707,"href":"https:\/\/sindifer.com.br\/sndfr\/wp-json\/wp\/v2\/pages\/3706\/revisions\/3707"}],"wp:attachment":[{"href":"https:\/\/sindifer.com.br\/sndfr\/wp-json\/wp\/v2\/media?parent=3706"}],"curies":[{"name":"wp","href":"https:\/\/api.w.org\/{rel}","templated":true}]}}