{"id":3693,"date":"2020-11-17T14:40:08","date_gmt":"2020-11-17T14:40:08","guid":{"rendered":"http:\/\/site1376403696.hospedagemdesites.ws\/sndfr\/?page_id=3693"},"modified":"2020-11-17T14:54:36","modified_gmt":"2020-11-17T14:54:36","slug":"responsabilidade-social","status":"publish","type":"page","link":"https:\/\/sindifer.com.br\/sndfr\/responsabilidade-social\/","title":{"rendered":"Responsabilidade Social"},"content":{"rendered":"\n<p>Todas as empresas associadas ao SINDIFER est\u00e3o comprometidas com a gera\u00e7\u00e3o de empregos e renda e tamb\u00e9m com a melhoria das condi\u00e7\u00f5es de trabalho e qualidade de vida dos trabalhadores e suas fam\u00edlias.<br>Todas aquelas situa\u00e7\u00f5es que sugerem, por menor que seja uma rela\u00e7\u00e3o ilegal ou contr\u00e1ria \u00e0s boas pr\u00e1ticas, como o trabalho infantil, s\u00e3o abominadas pelo setor, tanto nas empresas, quanto nos fornecedores, com \u00eanfase na silvicultura e produ\u00e7\u00e3o de carv\u00e3o vegetal.<br>Tamb\u00e9m junto \u00e0s comunidades nas quais est\u00e3o inseridas as empresas, s\u00e3o desenvolvidas a\u00e7\u00f5es para desenvolvimento e proporcionar melhor condi\u00e7\u00e3o de vida para os moradores dos mun\u00edcipios e das regi\u00f5es.<\/p>\n\n\n\n<h2 class=\"wp-block-heading\"><br>Emprego e Renda<\/h2>\n\n\n\n<p>Gera\u00e7\u00e3o de emprego e Renda \u00e9 um compromisso p\u00e9treo das empresas independentes produtoras de Ferro Gusa.<br>Tanto diretamente em todos os ramos da opera\u00e7\u00e3o, mas tamb\u00e9m no aculturamento dos fornecedores diretos, principalmente das empresas do setor de silvicultura e produ\u00e7\u00e3o de carv\u00e3o vegetal.<br>S\u00e3o atividades intensivas na gera\u00e7\u00e3o de empregos, tanto nos diretos, quanto nos indiretos, o que expande ainda mais os resultados obtidos e n\u00e3o ficam restritos aos limites da empresa, mas tamb\u00e9m da comunidade em geral.<br>Assim estas duas atividades, produ\u00e7\u00e3o de Ferro Gusa e produ\u00e7\u00e3o de Carv\u00e3o vegetal t\u00eam grande import\u00e2ncia em:<\/p>\n\n\n\n<ul><li>Empregos diretos e indiretos;<\/li><li>Pagamento de&nbsp;taxas e impostos;<\/li><li>Investimentos em infraestrutura;<\/li><li>Consumo de bens e produtos da regi\u00e3o;<\/li><li>Incentivos a novos neg\u00f3cios \u2013 inclusive plantios florestais em \u00e1reas improdutivas.<\/li><li>Participa\u00e7\u00e3o em atividades da comunidade<br>Por suas jazidas e terras dispon\u00edveis (ociosas ou com baixa produtividade), os setores de produ\u00e7\u00e3o de Ferro Gusa e de Florestas\/Carv\u00e3o Vegetal, em Minas Gerais e no Brasil, t\u00eam um grande potencial de crescimento.<\/li><\/ul>\n","protected":false},"excerpt":{"rendered":"<p>Todas as empresas associadas ao SINDIFER est\u00e3o comprometidas com a gera\u00e7\u00e3o de empregos e renda e tamb\u00e9m com a melhoria das condi\u00e7\u00f5es de trabalho e qualidade de vida dos trabalhadores e suas fam\u00edlias.Todas aquelas situa\u00e7\u00f5es que sugerem, por menor que seja uma rela\u00e7\u00e3o ilegal ou contr\u00e1ria \u00e0s boas pr\u00e1ticas, como o trabalho infantil, s\u00e3o abominadas<\/p>\n","protected":false},"author":1,"featured_media":0,"parent":0,"menu_order":0,"comment_status":"closed","ping_status":"closed","template":"","meta":{"footnotes":""},"_links":{"self":[{"href":"https:\/\/sindifer.com.br\/sndfr\/wp-json\/wp\/v2\/pages\/3693"}],"collection":[{"href":"https:\/\/sindifer.com.br\/sndfr\/wp-json\/wp\/v2\/pages"}],"about":[{"href":"https:\/\/sindifer.com.br\/sndfr\/wp-json\/wp\/v2\/types\/page"}],"author":[{"embeddable":true,"href":"https:\/\/sindifer.com.br\/sndfr\/wp-json\/wp\/v2\/users\/1"}],"replies":[{"embeddable":true,"href":"https:\/\/sindifer.com.br\/sndfr\/wp-json\/wp\/v2\/comments?post=3693"}],"version-history":[{"count":2,"href":"https:\/\/sindifer.com.br\/sndfr\/wp-json\/wp\/v2\/pages\/3693\/revisions"}],"predecessor-version":[{"id":3699,"href":"https:\/\/sindifer.com.br\/sndfr\/wp-json\/wp\/v2\/pages\/3693\/revisions\/3699"}],"wp:attachment":[{"href":"https:\/\/sindifer.com.br\/sndfr\/wp-json\/wp\/v2\/media?parent=3693"}],"curies":[{"name":"wp","href":"https:\/\/api.w.org\/{rel}","templated":true}]}}