{"id":3691,"date":"2020-11-17T14:37:46","date_gmt":"2020-11-17T14:37:46","guid":{"rendered":"http:\/\/site1376403696.hospedagemdesites.ws\/sndfr\/?page_id=3691"},"modified":"2021-02-28T13:46:50","modified_gmt":"2021-02-28T13:46:50","slug":"processo-de-producao","status":"publish","type":"page","link":"https:\/\/sindifer.com.br\/sndfr\/processo-de-producao\/","title":{"rendered":"Processo de Produ\u00e7\u00e3o"},"content":{"rendered":"\n<p>Esta p\u00e1gina est\u00e1 em revis\u00e3o.<\/p>\n","protected":false},"excerpt":{"rendered":"<p>Esta p\u00e1gina est\u00e1 em revis\u00e3o.<\/p>\n","protected":false},"author":1,"featured_media":0,"parent":0,"menu_order":0,"comment_status":"closed","ping_status":"closed","template":"","meta":{"footnotes":""},"_links":{"self":[{"href":"https:\/\/sindifer.com.br\/sndfr\/wp-json\/wp\/v2\/pages\/3691"}],"collection":[{"href":"https:\/\/sindifer.com.br\/sndfr\/wp-json\/wp\/v2\/pages"}],"about":[{"href":"https:\/\/sindifer.com.br\/sndfr\/wp-json\/wp\/v2\/types\/page"}],"author":[{"embeddable":true,"href":"https:\/\/sindifer.com.br\/sndfr\/wp-json\/wp\/v2\/users\/1"}],"replies":[{"embeddable":true,"href":"https:\/\/sindifer.com.br\/sndfr\/wp-json\/wp\/v2\/comments?post=3691"}],"version-history":[{"count":2,"href":"https:\/\/sindifer.com.br\/sndfr\/wp-json\/wp\/v2\/pages\/3691\/revisions"}],"predecessor-version":[{"id":3784,"href":"https:\/\/sindifer.com.br\/sndfr\/wp-json\/wp\/v2\/pages\/3691\/revisions\/3784"}],"wp:attachment":[{"href":"https:\/\/sindifer.com.br\/sndfr\/wp-json\/wp\/v2\/media?parent=3691"}],"curies":[{"name":"wp","href":"https:\/\/api.w.org\/{rel}","templated":true}]}}