{"id":3687,"date":"2020-11-17T14:28:45","date_gmt":"2020-11-17T14:28:45","guid":{"rendered":"http:\/\/site1376403696.hospedagemdesites.ws\/sndfr\/?page_id=3687"},"modified":"2020-11-18T17:00:31","modified_gmt":"2020-11-18T17:00:31","slug":"historia","status":"publish","type":"page","link":"https:\/\/sindifer.com.br\/sndfr\/historia\/","title":{"rendered":"Hist\u00f3ria"},"content":{"rendered":"\n<p>A hist\u00f3ria da produ\u00e7\u00e3o de ferro, que inclui o gusa, em Minas Gerais confunde-se com a hist\u00f3ria do pr\u00f3prio estado no que ambos t\u00eam de mais importante: o desafio, o pioneirismo, o esp\u00edrito empreendedor e grande respeito pela Natureza que cresce sobre o solo e guarda um tesouro sob este solo.\u00a0<br>Foi em Minas Gerais que surgiu o primeiro empreendimento para produzir ferro no Brasil (ainda em bases artesanais), em Caet\u00e9, as Forjas Catal\u00e3s, onde havia grandes jazidas de min\u00e9rio.<br>Sua implanta\u00e7\u00e3o foi conduzida pelo ousado empreendedor Jean Antoine F. de Monlevade, em 1827.<br>J\u00e1 o primeiro alto-forno foi constru\u00eddo no munic\u00edpio de Itabirito, em 1888. Estruturado em alvenaria de pedra, tinha 9 metros de altura e a capacidade de produzir 6 toneladas de ferro por dia.<br>Esta usina, totalmente modernizada, produz Ferro Gusa at\u00e9 hoje, com nome de Sider\u00fargica Itabirito Ltda.<br>A primeira usina integrada da Am\u00e9rica do Sul, tendo como produto final o a\u00e7o, Cia. Belgo-Mineira, foi fundada em 1925. Essa empresa resultou da associa\u00e7\u00e3o do cons\u00f3rcio belgo-luxemburgu\u00eas ARBED e a Cia. Sider\u00fargica Mineira, que produzia ferro usando o sistema de forjas catal\u00e3s. Em 1937, a Belgo-Mineira deu in\u00edcio a uma segunda usina, que era tamb\u00e9m integrada e utilizava carv\u00e3o vegetal como redutor.<br>Vale como termo ressaltar que essa empresa foi pioneira em programas de reflorestamento, utilizando diversas esp\u00e9cies de eucalipto, cujo objetivo era suprir a demanda do carv\u00e3o vegetal nos altos-fornos.<br>A grande expans\u00e3o da siderurgia brasileira iniciou-se nos \u00faltimos anos da d\u00e9cada de 1950, juntamente com a ind\u00fastria automobil\u00edstica que foi incentivada pelo Governo JK. \u00a0\u00a0<br>Melhoramentos tecnol\u00f3gicas e adequa\u00e7\u00f5es de sustentabilidade nos processos de produ\u00e7\u00e3o trouxeram vantagens competitivas para o ferro-gusa brasileiro, e ganhou posi\u00e7\u00e3o de destaque tanto no mercado nacional, quanto no internacional, se tornando um grande exportador.\u00a0<\/p>\n","protected":false},"excerpt":{"rendered":"<p>A hist\u00f3ria da produ\u00e7\u00e3o de ferro, que inclui o gusa, em Minas Gerais confunde-se com a hist\u00f3ria do pr\u00f3prio estado no que ambos t\u00eam de mais importante: o desafio, o pioneirismo, o esp\u00edrito empreendedor e grande respeito pela Natureza que cresce sobre o solo e guarda um tesouro sob este solo.\u00a0Foi em Minas Gerais que<\/p>\n","protected":false},"author":1,"featured_media":0,"parent":0,"menu_order":0,"comment_status":"closed","ping_status":"closed","template":"","meta":{"footnotes":""},"_links":{"self":[{"href":"https:\/\/sindifer.com.br\/sndfr\/wp-json\/wp\/v2\/pages\/3687"}],"collection":[{"href":"https:\/\/sindifer.com.br\/sndfr\/wp-json\/wp\/v2\/pages"}],"about":[{"href":"https:\/\/sindifer.com.br\/sndfr\/wp-json\/wp\/v2\/types\/page"}],"author":[{"embeddable":true,"href":"https:\/\/sindifer.com.br\/sndfr\/wp-json\/wp\/v2\/users\/1"}],"replies":[{"embeddable":true,"href":"https:\/\/sindifer.com.br\/sndfr\/wp-json\/wp\/v2\/comments?post=3687"}],"version-history":[{"count":2,"href":"https:\/\/sindifer.com.br\/sndfr\/wp-json\/wp\/v2\/pages\/3687\/revisions"}],"predecessor-version":[{"id":3720,"href":"https:\/\/sindifer.com.br\/sndfr\/wp-json\/wp\/v2\/pages\/3687\/revisions\/3720"}],"wp:attachment":[{"href":"https:\/\/sindifer.com.br\/sndfr\/wp-json\/wp\/v2\/media?parent=3687"}],"curies":[{"name":"wp","href":"https:\/\/api.w.org\/{rel}","templated":true}]}}