{"id":3677,"date":"2020-11-17T14:08:47","date_gmt":"2020-11-17T14:08:47","guid":{"rendered":"http:\/\/site1376403696.hospedagemdesites.ws\/sndfr\/?page_id=3677"},"modified":"2020-11-17T14:08:48","modified_gmt":"2020-11-17T14:08:48","slug":"constituicao-do-sindifer","status":"publish","type":"page","link":"https:\/\/sindifer.com.br\/sndfr\/constituicao-do-sindifer\/","title":{"rendered":"Constitui\u00e7\u00e3o do SINDIFER"},"content":{"rendered":"\n<p>O Sindicato foi constitu\u00eddo em uma Assembleia Geral que aconteceu em 30 de abril de 1933, presidida pelo Sr. Jos\u00e9 da Silva Brand\u00e3o e Secretariada pelos Senhores: Alcindo da Silva Vieira e Alfredo Gomes dos Santos.<\/p>\n\n\n\n<p>Na Assembleia, entre outras delibera\u00e7\u00f5es, foi definido o nome \u201cSindicato dos Industriaes do Ferro\u201d (na \u00e9poca Industriais escrevia-se com \u201ce\u201d) e eleita a primeira diretoria, tendo como Presidente o Dr. Euvaldo Lodi, Secret\u00e1rio o Sr. Alcindo da Silva Vieira e Tesoureiro o Sr. Orestes Giannetti.<\/p>\n\n\n\n<p>A altera\u00e7\u00e3o do nome, substituindo \u201cdos Industriaes do Ferro\u201d, por \u201cInd\u00fastria do Ferro\u201d, aconteceu em uma Assembleia Geral Extraordin\u00e1ria realizada em 15 de outubro de 1940, para ficar coerente com o Artigo 1\u00ba do Decreto-lei n\u00ba 2381, de 09 de julho de 1940, que entre as categorias econ\u00f4micas incluiu a \u201cInd\u00fastria do Ferro\u201d (Siderurgia).<\/p>\n\n\n\n<p>Desde a Funda\u00e7\u00e3o se alternaram 14 Presidentes\/Diretoria e cumpridos 28 mandatos.<\/p>\n\n\n\n<p>At\u00e9 agosto de 1968 os mandatos n\u00e3o seguiam uma regra para tempo de dura\u00e7\u00e3o; a partir da\u00ed, ap\u00f3s definido em Assembleia Geral, passaram a ter, cada mandato 3 anos (36 meses), exceto o que iniciou em agosto de 1995 que para ajuste de datas, teve 40 meses, terminando em dezembro de 1998.<\/p>\n","protected":false},"excerpt":{"rendered":"<p>O Sindicato foi constitu\u00eddo em uma Assembleia Geral que aconteceu em 30 de abril de 1933, presidida pelo Sr. Jos\u00e9 da Silva Brand\u00e3o e Secretariada pelos Senhores: Alcindo da Silva Vieira e Alfredo Gomes dos Santos. Na Assembleia, entre outras delibera\u00e7\u00f5es, foi definido o nome \u201cSindicato dos Industriaes do Ferro\u201d (na \u00e9poca Industriais escrevia-se com<\/p>\n","protected":false},"author":1,"featured_media":0,"parent":0,"menu_order":0,"comment_status":"closed","ping_status":"closed","template":"","meta":{"footnotes":""},"_links":{"self":[{"href":"https:\/\/sindifer.com.br\/sndfr\/wp-json\/wp\/v2\/pages\/3677"}],"collection":[{"href":"https:\/\/sindifer.com.br\/sndfr\/wp-json\/wp\/v2\/pages"}],"about":[{"href":"https:\/\/sindifer.com.br\/sndfr\/wp-json\/wp\/v2\/types\/page"}],"author":[{"embeddable":true,"href":"https:\/\/sindifer.com.br\/sndfr\/wp-json\/wp\/v2\/users\/1"}],"replies":[{"embeddable":true,"href":"https:\/\/sindifer.com.br\/sndfr\/wp-json\/wp\/v2\/comments?post=3677"}],"version-history":[{"count":1,"href":"https:\/\/sindifer.com.br\/sndfr\/wp-json\/wp\/v2\/pages\/3677\/revisions"}],"predecessor-version":[{"id":3678,"href":"https:\/\/sindifer.com.br\/sndfr\/wp-json\/wp\/v2\/pages\/3677\/revisions\/3678"}],"wp:attachment":[{"href":"https:\/\/sindifer.com.br\/sndfr\/wp-json\/wp\/v2\/media?parent=3677"}],"curies":[{"name":"wp","href":"https:\/\/api.w.org\/{rel}","templated":true}]}}