{"id":3673,"date":"2020-11-17T14:03:52","date_gmt":"2020-11-17T14:03:52","guid":{"rendered":"http:\/\/site1376403696.hospedagemdesites.ws\/sndfr\/?page_id=3673"},"modified":"2026-04-02T12:57:10","modified_gmt":"2026-04-02T12:57:10","slug":"empresas-associadas","status":"publish","type":"page","link":"https:\/\/sindifer.com.br\/sndfr\/empresas-associadas\/","title":{"rendered":"Empresas Associadas"},"content":{"rendered":"<p><span style=\"vertical-align: inherit;\"><span style=\"vertical-align: inherit;\"><div class=\"ts-row blocks cf wpb_row\"><div class=\"wpb_column vc_column_container vc_col-sm-6 col-6\"><div class=\"vc_column-inner\"><div class=\"wpb_wrapper\">\n\t<div class=\"wpb_text_column wpb_content_element post-content\">\n\t\t<div class=\"wpb_wrapper\">\n\t\t\t<p><\/span><\/span><\/p>\n<p><img loading=\"lazy\" decoding=\"async\" class=\"\" src=\"https:\/\/brasil.aperam.com\/wp-content\/uploads\/2015\/08\/Logo_Aperam.png\" alt=\"Aperam: F\u00e1brica de Inox - A\u00e7o Inox, A\u00e7o El\u00e9trico e A\u00e7o Carbono\" width=\"352\" height=\"100\" \/><\/p>\n<p><strong>APERAM INOX AMERICA DO SUL S.A.<br \/>\n<\/strong>Pra\u00e7a 1 de maio, n\u00b0 9 &#8211; Centro Norte,<br \/>\nTim\u00f3teo \/ MG, 35180-018<br \/>\nTel.: (31) 3849-7000<br \/>\nCNPJ: 33.390.170\/0001-89<\/p>\n<p>&nbsp;<\/p>\n<p><img loading=\"lazy\" decoding=\"async\" class=\"\" src=\"https:\/\/upload.wikimedia.org\/wikipedia\/commons\/thumb\/c\/cd\/Arcelormittal-logo.svg\/2560px-Arcelormittal-logo.svg.png\" alt=\"Ficheiro:Arcelormittal-logo.svg \u2013 Wikip\u00e9dia, a enciclop\u00e9dia livre\" width=\"256\" height=\"132\" \/><\/p>\n<p><strong>ARCELORMITTAL BRASIL S\/A<\/strong><br \/>\nRodovia BR 040, KM 769 \u2013 Dias Tavares<br \/>\n36105-000 &#8211; Juiz de Fora \/ MG<br \/>\nTel. (32) 3229-1094 \/ (32) 3229- 1094<br \/>\nCNPJ: 17.469.701\/0034-35<\/p>\n<p>&nbsp;<\/p>\n<p><strong><img decoding=\"async\" src=\"https:\/\/encrypted-tbn0.gstatic.com\/images?q=tbn:ANd9GcQl8dLvx277IhH8jF-VFLBfuoTu8s3CaN8Q6A&amp;s\" alt=\"Grupo AVG\" \/><br \/>\nAVG SIDERURGIA LTDA<\/strong><br \/>\nRodovia BR-040 Cx postal 338 \u2013 Km 468<br \/>\n35701-970 cx postal 338, Sete Lagoas \/ MG<br \/>\nTel. (31) 2107-3700 \/ 2125-9500 \/ 99549-4424 (Juliana) \/ (31) 99935-5478<br \/>\nCNPJ: 20.176.160\/0002-84<\/p>\n<p>&nbsp;<\/p>\n<p><strong><img loading=\"lazy\" decoding=\"async\" class=\"\" src=\"https:\/\/img1.wsimg.com\/isteam\/ip\/e3b2c9ec-14b6-481a-ba81-2c35ec190ea3\/CBF2.png\/:\/rs=w:388,h:194,cg:true,m\/cr=w:388,h:194\" alt=\"CONV\u00caNIOS\" width=\"256\" height=\"128\" \/><br \/>\nCBF IND\u00daSTRIA DE GUSA S\/A<\/strong><br \/>\nAv. Contorno, 3.800 19\u00ba andar Funcion\u00e1rios<br \/>\n30110-022, Belo Horizonte \/ MG<br \/>\nTel. (31) 3228-2500 \/ (31) 3228-2500<br \/>\nCNPJ: 36.312.056\/0005-52<\/p>\n<p>&nbsp;<\/p>\n<p><strong><a href=\"http:\/\/sindifer.com.br\/sndfr\/wp-content\/uploads\/2025\/04\/logo_.png\"><img loading=\"lazy\" decoding=\"async\" class=\"alignnone size-medium wp-image-4870\" src=\"http:\/\/sindifer.com.br\/sndfr\/wp-content\/uploads\/2025\/04\/logo_-300x51.png\" alt=\"\" width=\"300\" height=\"51\" srcset=\"https:\/\/sindifer.com.br\/sndfr\/wp-content\/uploads\/2025\/04\/logo_-300x51.png 300w, https:\/\/sindifer.com.br\/sndfr\/wp-content\/uploads\/2025\/04\/logo_-18x3.png 18w, https:\/\/sindifer.com.br\/sndfr\/wp-content\/uploads\/2025\/04\/logo_.png 520w\" sizes=\"(max-width: 300px) 100vw, 300px\" \/><\/a>CIA SIDERURGICA SANTA B\u00c1RBARA S\/A<\/strong><br \/>\nAv. Rio Marinho s\/ n\u00b0 \u2013 Barra do Jucu<br \/>\n29110-000, Vila Velha \/ ES<br \/>\nTel. (27) 3203-2353 \/ (27) 3203-2355<br \/>\nCNPJ: 04.765.856\/0001-09<\/p>\n<p>&nbsp;<\/p>\n<p><strong style=\"font-size: 19px;\"><img loading=\"lazy\" decoding=\"async\" class=\"alignnone wp-image-4145\" src=\"http:\/\/sindifer.com.br\/sndfr\/wp-content\/uploads\/2024\/01\/WhatsApp-Image-2024-01-19-at-09.37.38-300x227.jpeg\" alt=\"\" width=\"256\" height=\"194\" srcset=\"https:\/\/sindifer.com.br\/sndfr\/wp-content\/uploads\/2024\/01\/WhatsApp-Image-2024-01-19-at-09.37.38-300x227.jpeg 300w, https:\/\/sindifer.com.br\/sndfr\/wp-content\/uploads\/2024\/01\/WhatsApp-Image-2024-01-19-at-09.37.38-16x12.jpeg 16w, https:\/\/sindifer.com.br\/sndfr\/wp-content\/uploads\/2024\/01\/WhatsApp-Image-2024-01-19-at-09.37.38-87x67.jpeg 87w, https:\/\/sindifer.com.br\/sndfr\/wp-content\/uploads\/2024\/01\/WhatsApp-Image-2024-01-19-at-09.37.38.jpeg 1014w\" sizes=\"(max-width: 256px) 100vw, 256px\" \/>CITYGUSA SIDERURGIA LT<\/strong><strong style=\"font-size: 19px;\">DA<br \/>\n<\/strong>Rua Estrada Jos\u00e9 Leandro Ribeiro s\/n\u00ba\u00a0 &#8211; V\u00e1rzea Alegre<br \/>\n36600-000, Pedro Leopoldo \/ MG<br \/>\nTel. (31) 3663-1700 \/ (31) 3363-1700<br \/>\nCNPJ: 02.167.722\/0001-60<\/p>\n<p>&nbsp;<\/p>\n<p><strong><br \/>\n<img loading=\"lazy\" decoding=\"async\" class=\"\" src=\"https:\/\/encrypted-tbn0.gstatic.com\/images?q=tbn:ANd9GcSQR96EKcIsL4tDqcewv9LmMC09E7k7H9enjA&amp;s\" width=\"388\" height=\"82\" \/><br \/>\nCOSIMAT &#8211; SIDER\u00daRGICA DE MATOZINHOS LTDA.<\/strong><br \/>\nAv. Andr\u00e9 Favalelli, 986 &#8211; Da Esta\u00e7\u00e3o<br \/>\n35720-000, Matozinhos \/ MG<br \/>\nTel. (31) 3712-7002 \/ (31) 3712-7002<br \/>\nCNPJ: 03.200.559\/0001-53<\/p>\n<p>&nbsp;<\/p>\n<p><img loading=\"lazy\" decoding=\"async\" class=\"\" src=\"https:\/\/d4polyhz8pjtz.cloudfront.net\/6252\/CSS-SIDERaRGICA-SETELAGOANA-20231106134955_400.jpg\" alt=\"Clientes\" width=\"323\" height=\"140\" \/><\/p>\n<p><strong>CSS SIDERURGICA SETELAGOANA LTDA<br \/>\n<\/strong>RODOVIA BR 040, KM 476 BARREIRO,<br \/>\nSete Lagoas &#8211; MG 35701-970<br \/>\nTEL. (31) 3775-1810<br \/>\nCNPJ: 07.613.875\/0001-08<\/p>\n<p>&nbsp;<\/p>\n<p><strong><a href=\"http:\/\/sindifer.com.br\/sndfr\/wp-content\/uploads\/2025\/04\/WhatsApp-Image-2025-04-08-at-14.19.12.jpeg\"><img loading=\"lazy\" decoding=\"async\" class=\"alignnone size-medium wp-image-4871\" src=\"http:\/\/sindifer.com.br\/sndfr\/wp-content\/uploads\/2025\/04\/WhatsApp-Image-2025-04-08-at-14.19.12-300x77.jpeg\" alt=\"\" width=\"300\" height=\"77\" srcset=\"https:\/\/sindifer.com.br\/sndfr\/wp-content\/uploads\/2025\/04\/WhatsApp-Image-2025-04-08-at-14.19.12-300x77.jpeg 300w, https:\/\/sindifer.com.br\/sndfr\/wp-content\/uploads\/2025\/04\/WhatsApp-Image-2025-04-08-at-14.19.12-18x5.jpeg 18w, https:\/\/sindifer.com.br\/sndfr\/wp-content\/uploads\/2025\/04\/WhatsApp-Image-2025-04-08-at-14.19.12.jpeg 961w\" sizes=\"(max-width: 300px) 100vw, 300px\" \/><\/a><br \/>\nFERGUBEL \u2013 FERRO GUSA BELA VISTA LTDA.<\/strong><br \/>\nRua Bela Vista, 430 \u2013 Floresta<br \/>\n35720-000, Matozinhos \/ MG<br \/>\nTel. (31) 3712\u20136868<strong>\u00a0<\/strong><strong>\/<\/strong> (31) 3712-6868<strong><br \/>\n<\/strong>CNPJ: 06.368.447\/0001-02<\/p>\n<p><strong style=\"font-size: 19px;\"><br \/>\n<img loading=\"lazy\" decoding=\"async\" class=\"alignnone wp-image-4147\" src=\"http:\/\/sindifer.com.br\/sndfr\/wp-content\/uploads\/2024\/01\/transferir-300x116.png\" alt=\"\" width=\"256\" height=\"99\" srcset=\"https:\/\/sindifer.com.br\/sndfr\/wp-content\/uploads\/2024\/01\/transferir-300x116.png 300w, https:\/\/sindifer.com.br\/sndfr\/wp-content\/uploads\/2024\/01\/transferir-18x7.png 18w, https:\/\/sindifer.com.br\/sndfr\/wp-content\/uploads\/2024\/01\/transferir.png 361w\" sizes=\"(max-width: 256px) 100vw, 256px\" \/>FERGUMINAS SIDERURGIA LTDA.<\/strong><strong><br \/>\n<\/strong>Rodovia MG-431, Km 36<br \/>\n35680-143, Ita\u00fana \/ MG<br \/>\nTel. (37) 3201- 1900 \/ (37) 3201-1900<br \/>\nCNPJ 05.497.195\/0001-40<\/p>\n<p>&nbsp;<\/p>\n<p><img loading=\"lazy\" decoding=\"async\" class=\"alignnone size-full wp-image-4148\" src=\"http:\/\/sindifer.com.br\/sndfr\/wp-content\/uploads\/2024\/01\/WhatsApp-Image-2024-01-19-at-11.23.52.jpeg\" alt=\"\" width=\"200\" height=\"108\" srcset=\"https:\/\/sindifer.com.br\/sndfr\/wp-content\/uploads\/2024\/01\/WhatsApp-Image-2024-01-19-at-11.23.52.jpeg 200w, https:\/\/sindifer.com.br\/sndfr\/wp-content\/uploads\/2024\/01\/WhatsApp-Image-2024-01-19-at-11.23.52-18x10.jpeg 18w\" sizes=\"(max-width: 200px) 100vw, 200px\" \/><strong style=\"font-size: 19px;\">GELF SIDERURGIA S\/A.<br \/>\n<\/strong>Rodovia BR-040, Km 465 Barreiro<br \/>\n35701-970, Sete Lagoas \/ MG<br \/>\nTel. (31) 3779-4200 \/ (31) 3779-4236<br \/>\nCNPJ: 20.388.757\/0001-01<\/p>\n<p><strong>\u00a0<\/strong><\/p>\n<p><strong><img loading=\"lazy\" decoding=\"async\" class=\"\" src=\"https:\/\/upload.wikimedia.org\/wikipedia\/commons\/8\/89\/Gerdau_logo_%282011%29.svg\" alt=\"Ficheiro:Gerdau logo (2011).svg \u2013 Wikip\u00e9dia, a enciclop\u00e9dia livre\" width=\"256\" height=\"73\" \/><br \/>\nGERDAU A\u00c7OS LONGOS S\/A.<\/strong><br \/>\nRodovia BR-040 Km 476<br \/>\n35702-372, Sete Lagoas \/ MG<br \/>\nTel. (31) 2104-4407 \/ (31) 2106-3504<br \/>\nCNPJ: 07.358.761\/0058-02<\/p>\n<p>&nbsp;<\/p>\n<p><img decoding=\"async\" src=\"https:\/\/encrypted-tbn0.gstatic.com\/images?q=tbn:ANd9GcQl8dLvx277IhH8jF-VFLBfuoTu8s3CaN8Q6A&amp;s\" alt=\"Grupo AVG\" \/><\/p>\n<p><strong>IFG INDUSTRIA DE FERRO GUSA LTDA<\/strong><br \/>\nRodovia BR 040, KM 461, S\/N &#8211; Barreiro<br \/>\nSete Lagoas\/MG, 35.701-970<br \/>\nTel.: 31 2107-3700<br \/>\nCNPJ: 41.793.902\/0001-00<\/p>\n<p>&nbsp;<\/p>\n<p>&nbsp;<\/p>\n<p><strong>MATA GRANDE SIDERURGIA LTDA<br \/>\n<\/strong>Fazenda Mata Grande &#8211; Zona Rural<br \/>\nSete Lagoas &#8211; MG, 35.704-899<br \/>\nTel. (31) 994106324<br \/>\nCNPJ: 49.067.763\/0001-49<\/p>\n<p>&nbsp;<\/p>\n<p><strong><img loading=\"lazy\" decoding=\"async\" class=\"\" src=\"https:\/\/static.wixstatic.com\/media\/67db69_327864ca379e40e3940f22e7bec9ffe0~mv2.png\/v1\/fill\/w_143,h_143,al_c,lg_1,q_85,enc_auto\/Metalsete.png\" alt=\"Produtores | Ironminas\" width=\"256\" height=\"256\" \/><br \/>\nMETALSETE SIDERURGIA S\/A.<\/strong><br \/>\nRodovia BR-040, Km 475,5. Cx. Postal 146.<br \/>\nRetiro das Oliveiras<br \/>\nSete Lagoas \u2013 CEP 35.701-970<br \/>\nTel. (31)2106-7600 \/ (31) 2106-7616 \/ (31) 2550-0670<br \/>\nCNPJ: 23.335.979\/0001-54<\/p>\n<p>&nbsp;<\/p>\n<p><strong><img loading=\"lazy\" decoding=\"async\" class=\"alignnone wp-image-4149\" src=\"http:\/\/sindifer.com.br\/sndfr\/wp-content\/uploads\/2024\/01\/WhatsApp-Image-2024-01-19-at-11.33.34.jpeg\" alt=\"\" width=\"256\" height=\"92\" srcset=\"https:\/\/sindifer.com.br\/sndfr\/wp-content\/uploads\/2024\/01\/WhatsApp-Image-2024-01-19-at-11.33.34.jpeg 225w, https:\/\/sindifer.com.br\/sndfr\/wp-content\/uploads\/2024\/01\/WhatsApp-Image-2024-01-19-at-11.33.34-18x6.jpeg 18w\" sizes=\"(max-width: 256px) 100vw, 256px\" \/>METALSIDER LTDA.<\/strong><br \/>\nAv. Amazonas, 2481 &#8211; Cachoeira<br \/>\n32602-335, Betim \/ MG<br \/>\nTel. (31) 3539-9800 \/ (31) 3539-9155<br \/>\nCNPJ: 17.635.277\/0001-93<\/p>\n<p>&nbsp;<\/p>\n<p><strong><a href=\"http:\/\/sindifer.com.br\/sndfr\/wp-content\/uploads\/2025\/04\/WhatsApp-Image-2025-04-08-at-14.28.20.jpeg\"><img loading=\"lazy\" decoding=\"async\" class=\"alignnone size-medium wp-image-4872\" src=\"http:\/\/sindifer.com.br\/sndfr\/wp-content\/uploads\/2025\/04\/WhatsApp-Image-2025-04-08-at-14.28.20-300x82.jpeg\" alt=\"\" width=\"300\" height=\"82\" srcset=\"https:\/\/sindifer.com.br\/sndfr\/wp-content\/uploads\/2025\/04\/WhatsApp-Image-2025-04-08-at-14.28.20-300x82.jpeg 300w, https:\/\/sindifer.com.br\/sndfr\/wp-content\/uploads\/2025\/04\/WhatsApp-Image-2025-04-08-at-14.28.20-18x5.jpeg 18w, https:\/\/sindifer.com.br\/sndfr\/wp-content\/uploads\/2025\/04\/WhatsApp-Image-2025-04-08-at-14.28.20.jpeg 971w\" sizes=\"(max-width: 300px) 100vw, 300px\" \/><\/a>MINASFER SIDERURGIA LTDA<\/strong><br \/>\nRodovia BR 040 KM 476 Sitio do Sobrado<br \/>\nUniversit\u00e1rio 35702-372, Sete Lagoas\/ MG<br \/>\nTel. (37) 2550-0601 \/ (31) 2550-0601<br \/>\nCNPJ: 44.606.828\/0001-63<\/p>\n<p>&nbsp;<\/p>\n<p><img loading=\"lazy\" decoding=\"async\" class=\"\" src=\"https:\/\/grupominasport.com.br\/wp-content\/uploads\/2024\/11\/fundo-social-minasport.webp\" alt=\"Grupo Minas Port - Solu\u00e7\u00f5es Integradas\" width=\"324\" height=\"182\" \/><br \/>\n<strong>MINAS TRADING COMPANY LTDA<br \/>\n<\/strong>R. Geraldo F\u00e9lix do Carmo, 94<br \/>\nSanta Monica, Ita\u00fana &#8211; MG, 35681-223<br \/>\nTel. <span aria-label=\"Ligar para (37) 3243-5056\">(37) 3243-5056<\/span><br \/>\nCNPJ: 05.456.420\/0001-09<br \/>\n<strong><br \/>\n<\/strong><\/p>\n<p><strong><br \/>\n<img loading=\"lazy\" decoding=\"async\" class=\"\" src=\"https:\/\/lh4.googleusercontent.com\/proxy\/367I5YvmH7f8kVbhRGdR7tpdjg_x6Z7Z65wBIgmNnRseHEuEnGNGDQZiFhLygFpn6-TP-KsHjz_GcdL3QDWh4_VAo2FSpAC6DFMwS6df9ksR4mQ\" alt=\"In\u00edcio \u00bb Grupo Modulax\" width=\"295\" height=\"45\" \/><br \/>\nMODULAX SIDERURGIA S\/A<br \/>\n<\/strong>Rodovia BR-135 Km 626, Zona Rural<br \/>\n35790-000, Curvelo &#8211; MG<br \/>\nTel. (38) 3502-1463 \/ (31) 3502-1463<br \/>\nCNPJ: 08.904.391\/0001-80<\/p>\n<p>&nbsp;<\/p>\n<p><strong><img loading=\"lazy\" decoding=\"async\" class=\"\" src=\"https:\/\/metalsoft.com.br\/metalsoft\/wp-content\/uploads\/2021\/03\/MULTIFER.jpg\" alt=\"Cases \u2013 MetalSoft \u2013 Desenvolvimento e implanta\u00e7\u00e3o de Sistemas ERP\" width=\"256\" height=\"256\" \/><br \/>\nMULTIFER SIDERUGIA LTDA<br \/>\n<\/strong>Rodovia BR 040, km 472 UNIVERSITARIO<br \/>\n35702-372 Sete Lagoas \u2013 MG<br \/>\nTel. (31) 2106-4657 \/ (31) 2106-4657<br \/>\nCNPJ: 29.638.322\/0001-42<\/p>\n\n\t\t<\/div>\n\t<\/div>\n<\/div><\/div><\/div><div class=\"wpb_column vc_column_container vc_col-sm-6 col-6\"><div class=\"vc_column-inner\"><div class=\"wpb_wrapper\">\n\t<div class=\"wpb_text_column wpb_content_element post-content\">\n\t\t<div class=\"wpb_wrapper\">\n\t\t\t<p><strong><img decoding=\"async\" src=\"https:\/\/encrypted-tbn0.gstatic.com\/images?q=tbn:ANd9GcTva3OCfvHx5Yktmqwb2a1WHax0DbYATjCJVw&amp;s\" \/><br \/>\nSAMA \u2013 SANTA MARTA SIDERURGIA LTDA<\/strong>.<br \/>\nRua Jo\u00e3o do Vale, 1.360\u00a0\u2013 F\u00e1tima<br \/>\n35700-000, Sete Lagoas \/ MG<br \/>\nTel. (31) 2106-5000 \/ 99212-4828 Carmen \/ (31) 2106-5033<br \/>\nCNPJ: 19.881.671\/0001-37<\/p>\n<p>&nbsp;<\/p>\n<p><strong><img decoding=\"async\" src=\"https:\/\/media.licdn.com\/dms\/image\/v2\/D4D0BAQEqyxfDeJzfew\/company-logo_200_200\/company-logo_200_200\/0\/1692144633388\/sds_siderrgica_logo?e=2147483647&amp;v=beta&amp;t=tejk_Z9506Yi2LaB8s9qU_b_gVDssc94cirrP9YbV84\" \/><br \/>\nSDS SIDER\u00daRGICA DIVIN\u00d3POLIS LTDA<\/strong>.<br \/>\nBR494 KM 18, S\/N &#8211; Divin\u00f3polis, MG, 35500-970<br \/>\nTel. <a href=\"https:\/\/www.google.com\/search?gs_ssp=eJwFweENQDAQBtD4K7FDEwO4L8G1RrBF20NOhEaRju-9uum2DtgJIQGOqqml4skHJqzsJAyYqARLYB4j9yNbu2I2WbLJKsv93ptGb0Q_Pa90HZrN8Yj_AQkDGlk&amp;q=sds+siderurgica+divinopolis+ltda&amp;oq=SDS+&amp;gs_lcrp=EgZjaHJvbWUqEggBEC4YJxivARjHARiABBiKBTIGCAAQRRg5MhIIARAuGCcYrwEYxwEYgAQYigUyDAgCEAAYQxiABBiKBTIMCAMQABhDGIAEGIoFMgwIBBAAGEMYgAQYigUyDAgFEAAYQxiABBiKBTIMCAYQABhDGIAEGIoFMgYIBxBFGDzSAQg0MzcwajBqOagCBrACAfEF-5mutDHbz-Y&amp;sourceid=chrome&amp;ie=UTF-8#\" data-dtype=\"d3ph\" data-local-attribute=\"d3ph\" data-ved=\"2ahUKEwiy763Mls-TAxXalpUCHYnUGBAQkAgoAHoECCQQAg\"><span aria-label=\"Ligar para (37) 3512-9007\">(37) 3512-9007<\/span><\/a><br \/>\nCNPJ: 32.293.283\/0002-84<br \/>\nR Turim, 99 Santa L\u00facia<br \/>\n30360552 Belo Horizonte \/MG<br \/>\nCNPJ: 56.985.814\/0001-87<\/p>\n<p><strong><img decoding=\"async\" src=\"https:\/\/media.licdn.com\/dms\/image\/v2\/D4D0BAQEqyxfDeJzfew\/company-logo_200_200\/company-logo_200_200\/0\/1692144633388\/sds_siderrgica_logo?e=2147483647&amp;v=beta&amp;t=tejk_Z9506Yi2LaB8s9qU_b_gVDssc94cirrP9YbV84\" \/><br \/>\nSDS SIDER\u00daRGICA LTDA<\/strong>.<br \/>\nRodovia BR-040, Km 476<br \/>\n35702-372 Sete Lagoas \/ MG<br \/>\nTel. (31) 3152-9992 \/ (31) 2550-0730<br \/>\nCNPJ: 32.293.283\/0002-84<br \/>\nR Turim, 99 Santa L\u00facia<br \/>\n30360552 Belo Horizonte \/MG<br \/>\nCNPJ: 32.293.283\/0001-01<\/p>\n<p>&nbsp;<\/p>\n<p><strong><img loading=\"lazy\" decoding=\"async\" class=\"alignnone wp-image-4150\" src=\"http:\/\/sindifer.com.br\/sndfr\/wp-content\/uploads\/2024\/01\/WhatsApp-Image-2024-01-19-at-11.48.34.jpeg\" alt=\"\" width=\"257\" height=\"158\" srcset=\"https:\/\/sindifer.com.br\/sndfr\/wp-content\/uploads\/2024\/01\/WhatsApp-Image-2024-01-19-at-11.48.34.jpeg 275w, https:\/\/sindifer.com.br\/sndfr\/wp-content\/uploads\/2024\/01\/WhatsApp-Image-2024-01-19-at-11.48.34-18x12.jpeg 18w\" sizes=\"(max-width: 257px) 100vw, 257px\" \/>SIDERBR\u00c1S SIDER\u00daRGICA BRASILEIRA LTDA<br \/>\n<\/strong>Avenida Governador Magalh\u00e3es Pinto, 2500 Niter\u00f3i<br \/>\n35.500-220 Divin\u00f3polis\/MG<br \/>\nTel. (37) 3512-8931 \/ (37) 3512-8931<br \/>\nCNPJ: 06.151.340\/0001-08<\/p>\n<p>&nbsp;<\/p>\n<p><strong><img loading=\"lazy\" decoding=\"async\" class=\"\" src=\"https:\/\/media.licdn.com\/dms\/image\/C5616AQETHA7BUgAw-g\/profile-displaybackgroundimage-shrink_200_800\/0\/1634567504205?e=2147483647&amp;v=beta&amp;t=iTv_4D6wtfC8BJyW0RduR44jEar0oQDCdlx5xEeSkUY\" alt=\"LUIZ CARLOS MOREIRA DE SOUZA - Gerente de RH - SIDERCOP SIDERURGIA LTDA | LinkedIn\" width=\"259\" height=\"65\" \/><br \/>\nSIDERCOP SIDERURGIA LTDA<br \/>\n<\/strong>BR 040 S\/N, KM 461,9 B: IND\u00daSTRIAS<br \/>\nCEP: 35.701-970 Sete Lagoas \u2013 MG<br \/>\nTel. (31)2550-0870 \/ (31) 2550-0870<br \/>\nCNPJ: 29.789.202\/0001-46<\/p>\n<p>&nbsp;<\/p>\n<p><strong><img decoding=\"async\" src=\"https:\/\/media.licdn.com\/dms\/image\/v2\/C4E1BAQHeM5ThO9uxcg\/company-background_10000\/company-background_10000\/0\/1627417900284\/sidermin_cover?e=2147483647&amp;v=beta&amp;t=L-KUa832tWMzBLEEoRY1We6B7WHPWk9J8MrZO_bzLdU\" alt=\"Sidermin | LinkedIn\" \/><br \/>\nSIDERMIN \u2013 SIDER\u00daRGICA MINEIRA LTDA.<\/strong><br \/>\nRodovia BR-040, Km 477 Cx postal 103\u2013 Zona Rural<br \/>\n35701-970, Sete Lagoas \/ MG<br \/>\nTel. (31) 2106-4000 \/ (31) 2106-4000<br \/>\nCNPJ: 04.735.087\/0001-04<\/p>\n<p>&nbsp;<\/p>\n<p><strong><img loading=\"lazy\" decoding=\"async\" class=\"\" src=\"https:\/\/www.grupoalterosa.ind.br\/imgs\/logo-alterosa.gif\" alt=\"Sider\u00fargica Alterosa\" width=\"257\" height=\"126\" \/><br \/>\nSIDER\u00daRGICA ALTEROSA S\/A<\/strong>.<br \/>\nRua Pequi, 189 \u2013 Santos Dumont Cx postal 10<br \/>\n35660-308, Par\u00e1 de Minas \/ MG<br \/>\nTel. (37) 3232-0800\u00a0\/ (37) 3232-0851<br \/>\nCNPJ: 23.117.229\/0001-06<\/p>\n<p>&nbsp;<\/p>\n<p><img loading=\"lazy\" decoding=\"async\" class=\"\" src=\"https:\/\/siderurgicabandeirante.ind.br\/assets\/img\/bandeirante3.jpg\" width=\"248\" height=\"198\" \/><\/p>\n<p><strong>SIDER\u00daRGICA BANDEIRANTE LTDA<\/strong><br \/>\nAv. Jaime Rodrigues Branco,KM 02, Eldorado<br \/>\nCEP: 35701-970 Sete Lagoas \/ MG<br \/>\nTel. (31) 3773-7811<br \/>\nCNPJ: 20.145.421\/0001-18<\/p>\n<p><strong><img loading=\"lazy\" decoding=\"async\" class=\"alignnone wp-image-4152\" src=\"http:\/\/sindifer.com.br\/sndfr\/wp-content\/uploads\/2024\/01\/WhatsApp-Image-2024-01-19-at-11.57.09.jpeg\" alt=\"\" width=\"257\" height=\"116\" srcset=\"https:\/\/sindifer.com.br\/sndfr\/wp-content\/uploads\/2024\/01\/WhatsApp-Image-2024-01-19-at-11.57.09.jpeg 122w, https:\/\/sindifer.com.br\/sndfr\/wp-content\/uploads\/2024\/01\/WhatsApp-Image-2024-01-19-at-11.57.09-18x8.jpeg 18w\" sizes=\"(max-width: 257px) 100vw, 257px\" \/>SIDER\u00daRGICA ITABIRITO LTDA.<\/strong><br \/>\nAv: Queiroz J\u00fanior, 3575 &#8211; Esperan\u00e7a<br \/>\n35450-000, Itabirito \/ MG<br \/>\nTel. (31) 2112-5014<br \/>\nCNPJ: 02.702.798\/0001-49<\/p>\n<p>&nbsp;<\/p>\n<p><img loading=\"lazy\" decoding=\"async\" class=\"\" style=\"font-size: 19px; font-family: ff-more-web-pro, 'PT Serif', Georgia, serif; opacity: 0.84;\" src=\"https:\/\/static.wixstatic.com\/media\/c109c5_a4258bfd74954cac8687cd4b0454f4a7~mv2.png\" alt=\"Sider\u00fargica Valinho: IN\u00cdCIO\" width=\"256\" height=\"268\" \/><strong><br \/>\nSIDER\u00daRGICA VALINHO S\/A<\/strong><br \/>\nRodovia MG 050, Km 119 \u2013 Tiet\u00ea cx. postal 45<br \/>\n35500-970, Divin\u00f3polis \/ MG<br \/>\nTel. (37) 2101-5566 \/ (37) 2101-5524<br \/>\nCNPJ: 20.144.085\/0001-99<\/p>\n<p>&nbsp;<\/p>\n<p><strong><img loading=\"lazy\" decoding=\"async\" class=\"\" src=\"https:\/\/media.licdn.com\/dms\/image\/C4E03AQHajGp87zsTiw\/profile-displayphoto-shrink_800_800\/0\/1646998054462?e=2147483647&amp;v=beta&amp;t=47jbVnJu1Dd0ftOUjQLHxM_yQJNWer407cV9DfkvNJA\" alt=\"SIP Siderurgia - Siderurgica - SIP SIDERURGIA LTDA | LinkedIn\" width=\"256\" height=\"256\" \/><br \/>\nSIP SIDERURGIA LTDA<br \/>\n<\/strong>Rua Padre Lib\u00e9rio, 380 \u2013 Ozanan<br \/>\nPar\u00e1 de Minas \/ MG<br \/>\nTel. (37) 3233-5306 \/ (37) 3233-5311<br \/>\nCNPJ: 02.454.808\/0001-05<\/p>\n<p>&nbsp;<\/p>\n<p>&nbsp;<\/p>\n<p><strong><img decoding=\"async\" src=\"https:\/\/media.licdn.com\/dms\/image\/v2\/D4D0BAQFxUAK5tJaiFw\/company-logo_200_200\/company-logo_200_200\/0\/1664573542682?e=2147483647&amp;v=beta&amp;t=shshulNcoLzU4IoeaRs25RTueHpQ-Vy9_ub2c4wJAIM\" alt=\"Sider\u00fargica Atlas | LinkedIn\" \/><\/strong><\/p>\n<p><strong>USINA SIDER\u00daRGICA ATLAS S\/A<br \/>\n<\/strong>Av. Hematita, 1480 \u2013 Distrito Industrial<br \/>\n35903-051, Itabira &#8211; MG<br \/>\nTel. (31) 3834-2010 \/ (31) 3834-2010<br \/>\nCNPJ: 27.748.484\/0001-08<\/p>\n<p>&nbsp;<\/p>\n<p><strong><img loading=\"lazy\" decoding=\"async\" class=\"\" src=\"https:\/\/upload.wikimedia.org\/wikipedia\/commons\/9\/9a\/Vallourec_Logo.jpg\" alt=\"Ficheiro:Vallourec Logo.jpg \u2013 Wikip\u00e9dia, a enciclop\u00e9dia livre\" width=\"257\" height=\"78\" \/><br \/>\nVALLOUREC SOLU\u00c7\u00d5ES TUBULARES DO BRASIL S\/A<\/strong><br \/>\nAv. Olinto Meireles, 65 \u2013 Barreiro<br \/>\n30640-010, Belo Horizonte \/ MG<br \/>\nTels. (31) 3328-2282\u00a0\/ (31) 2141 5001<br \/>\nCNPJ: 08.689.024\/0002-92<\/p>\n<p>&nbsp;<\/p>\n<p><strong><img decoding=\"async\" src=\"https:\/\/media.licdn.com\/dms\/image\/v2\/D4D0BAQGDZ6YE9zRRFg\/company-logo_200_200\/company-logo_200_200\/0\/1719599783635\/vetorial_logo?e=2147483647&amp;v=beta&amp;t=4px1BKci9KXVmuvLCAYsueWCEPfKQmVIKhfH4KIz_LQ\" alt=\"Vetorial | LinkedIn\" \/><br \/>\nVetorial Siderurgia S.A<br \/>\n<\/strong>Estrada de acesso a ZPE, s\/n. Albuquerque<br \/>\nKm 34 Corumb\u00e1 \u2013 MS<br \/>\nTel. (67) 3389-0700 \/ (67) 3389-0700<br \/>\nCNPJ: 03.543.379\/0011-46<\/p>\n<p>&nbsp;<\/p>\n<p><strong><img decoding=\"async\" src=\"https:\/\/media.licdn.com\/dms\/image\/v2\/D4D0BAQGDZ6YE9zRRFg\/company-logo_200_200\/company-logo_200_200\/0\/1719599783635\/vetorial_logo?e=2147483647&amp;v=beta&amp;t=4px1BKci9KXVmuvLCAYsueWCEPfKQmVIKhfH4KIz_LQ\" alt=\"Vetorial | LinkedIn\" \/><br \/>\nVetorial Siderurgia S.A<br \/>\n<\/strong>Avenida Nelson Lirio, s\/n, Zona Rural<br \/>\nRibas do Rio Pardo &#8211; MS<br \/>\nTel. (67) 3389-0700 \/ (67) 3389-0700<br \/>\nCNPJ 03.543.379\/0004-17<br \/>\n(**Escrit\u00f3rio) Av. Bias Fortes, 382 15\u00ba andar<br \/>\nLourdes Belo Horizonte &#8211; MG\u00a0 30170-010<\/p>\n<p>&nbsp;<\/p>\n<p><strong><img loading=\"lazy\" decoding=\"async\" class=\"\" src=\"https:\/\/ncdn0.infojobs.com.br\/logos\/Company_Evaluation\/836478.jpg\" alt=\"VIENA SIDERURGICA SA - Avalia\u00e7\u00f5es e Opini\u00f5es dos seus funcion\u00e1rios | Infojobs\" width=\"273\" height=\"146\" \/><br \/>\nVIENA SIDER\u00daRGICA S\/A<br \/>\n<\/strong>Tom\u00e9 de Souza, 649 \u2013 Funcion\u00e1rios<br \/>\n30140-131, Belo Horizonte \/ MG<br \/>\nTel. (31) 2121-9101\u00a0\/ (31) 2121-9101<br \/>\nCNPJ: 07.609.993\/0002-23<br \/>\nBR 040 KM 465 B. Universit\u00e1rio 35702-372<br \/>\nTel.: (31) 3771-2204 Sete lagoas \/ MG<br \/>\nCNPJ: 07.609.993\/0003-04<\/p>\n<p>&nbsp;<\/p>\n<p>&nbsp;<\/p>\n<p><strong style=\"font-size: 19px; font-family: ff-more-web-pro, 'PT Serif', Georgia, serif; background-color: #ffffff;\">\u00a0<\/strong><span style=\"vertical-align: inherit;\"><span style=\"vertical-align: inherit;\"><\/p>\n\n\t\t<\/div>\n\t<\/div>\n<\/div><\/div><\/div><\/div><\/span><\/span><\/p>\n","protected":false},"excerpt":{"rendered":"APERAM INOX AMERICA DO SUL S.A. Pra\u00e7a 1 de maio, n\u00b0 9 - Centro Norte, Tim\u00f3teo \/ MG, 35180-018 Tel.: (31) 3849-7000 CNPJ: 33.390.170\/0001-89 &nbsp; ARCELORMITTAL BRASIL S\/A Rodovia BR 040, KM 769 \u2013 Dias Tavares 36105-000 - Juiz de Fora \/ MG Tel. (32) 3229-1094 \/ (32) 3229- 1094 CNPJ: 17.469.701\/0034-35 &nbsp; AVG SIDERURGIA","protected":false},"author":1,"featured_media":0,"parent":0,"menu_order":0,"comment_status":"closed","ping_status":"closed","template":"page-blocks.php","meta":{"footnotes":""},"_links":{"self":[{"href":"https:\/\/sindifer.com.br\/sndfr\/wp-json\/wp\/v2\/pages\/3673"}],"collection":[{"href":"https:\/\/sindifer.com.br\/sndfr\/wp-json\/wp\/v2\/pages"}],"about":[{"href":"https:\/\/sindifer.com.br\/sndfr\/wp-json\/wp\/v2\/types\/page"}],"author":[{"embeddable":true,"href":"https:\/\/sindifer.com.br\/sndfr\/wp-json\/wp\/v2\/users\/1"}],"replies":[{"embeddable":true,"href":"https:\/\/sindifer.com.br\/sndfr\/wp-json\/wp\/v2\/comments?post=3673"}],"version-history":[{"count":41,"href":"https:\/\/sindifer.com.br\/sndfr\/wp-json\/wp\/v2\/pages\/3673\/revisions"}],"predecessor-version":[{"id":5305,"href":"https:\/\/sindifer.com.br\/sndfr\/wp-json\/wp\/v2\/pages\/3673\/revisions\/5305"}],"wp:attachment":[{"href":"https:\/\/sindifer.com.br\/sndfr\/wp-json\/wp\/v2\/media?parent=3673"}],"curies":[{"name":"wp","href":"https:\/\/api.w.org\/{rel}","templated":true}]}}