{"id":3671,"date":"2020-11-17T14:00:14","date_gmt":"2020-11-17T14:00:14","guid":{"rendered":"http:\/\/site1376403696.hospedagemdesites.ws\/sndfr\/?page_id=3671"},"modified":"2025-08-13T13:41:20","modified_gmt":"2025-08-13T13:41:20","slug":"administracao-atual","status":"publish","type":"page","link":"https:\/\/sindifer.com.br\/sndfr\/administracao-atual\/","title":{"rendered":"Administra\u00e7\u00e3o Atual"},"content":{"rendered":"<div class=\"ts-row blocks cf wpb_row\"><div class=\"wpb_column vc_column_container vc_col-sm-12 col-12\"><div class=\"vc_column-inner\"><div class=\"wpb_wrapper\">\n\t<div class=\"wpb_text_column wpb_content_element post-content\">\n\t\t<div class=\"wpb_wrapper\">\n\t\t\t<p class=\"selectable-text copyable-text iq0m558w g0rxnol2\" dir=\"ltr\"><strong><span class=\"selectable-text copyable-text\">Administra\u00e7\u00e3o Atual \u2013 (Nov\/2022 a nov\/2025)<\/span><\/strong><\/p>\n<p class=\"selectable-text copyable-text iq0m558w g0rxnol2\" dir=\"ltr\"><span class=\"selectable-text copyable-text\"><strong>PRESIDENTE<br \/>\n<\/strong><\/span><span class=\"selectable-text copyable-text\">Fausto Varela Can\u00e7ado<\/span><\/p>\n<p class=\"selectable-text copyable-text iq0m558w g0rxnol2\" dir=\"ltr\"><strong><span class=\"selectable-text copyable-text\">CONSELHO DELIBERATIVO<br \/>\n<\/span><\/strong><span class=\"selectable-text copyable-text\">Rodrigo Kaukal Valladares \u2013 Presidente do Conselho<br \/>\n<\/span><span class=\"selectable-text copyable-text\">Bernardo Andrade Valadares Gontijo<br \/>\n<\/span><span class=\"selectable-text copyable-text\">Bruno Melo Lima<br \/>\n<\/span><span class=\"selectable-text copyable-text\">D\u00falio Diniz de Rezende<br \/>\n<\/span><span class=\"selectable-text copyable-text\">El\u00edsio Queiroz Carneiro<br \/>\n<\/span><span class=\"selectable-text copyable-text\">Fausto Varela Can\u00e7ado<br \/>\n<\/span><span class=\"selectable-text copyable-text\">Frederico Henriques Lima e Silva<br \/>\n<\/span><span class=\"selectable-text copyable-text\">L\u00facio Fl\u00e1vio de Moura<br \/>\n<\/span><span class=\"selectable-text copyable-text\">Luiz Felipe Bhering de Carvalho<br \/>\n<\/span><span class=\"selectable-text copyable-text\">Rafael Pentagna Guimar\u00e3es Salazar<br \/>\n<\/span><span class=\"selectable-text copyable-text\">Ronan Eust\u00e1quio da Silva<\/span><\/p>\n<p class=\"selectable-text copyable-text iq0m558w g0rxnol2\" dir=\"ltr\"><strong><span class=\"selectable-text copyable-text\">CONSELHO FISCAL<br \/>\n<\/span><\/strong><span class=\"selectable-text copyable-text\">Geraldo Basques &#8211; (Titular)<br \/>\n<\/span><span class=\"selectable-text copyable-text\">Urbano Ferraz Gontijo \u2013 (Titular)<br \/>\n<\/span><span class=\"selectable-text copyable-text\">S\u00e9rvulo Figueiredo Godoy \u2013 (Suplente)<\/span><\/p>\n\n\t\t<\/div>\n\t<\/div>\n<\/div><\/div><\/div><\/div>\n","protected":false},"excerpt":{"rendered":"Administra\u00e7\u00e3o Atual \u2013 (Nov\/2022 a nov\/2025) PRESIDENTE Fausto Varela Can\u00e7ado CONSELHO DELIBERATIVO Rodrigo Kaukal Valladares \u2013 Presidente do Conselho Bernardo Andrade Valadares Gontijo Bruno Melo Lima D\u00falio Diniz de Rezende El\u00edsio Queiroz Carneiro Fausto Varela Can\u00e7ado Frederico Henriques Lima e Silva L\u00facio Fl\u00e1vio de Moura Luiz Felipe Bhering de Carvalho Rafael Pentagna Guimar\u00e3es Salazar Ronan","protected":false},"author":1,"featured_media":0,"parent":0,"menu_order":0,"comment_status":"closed","ping_status":"closed","template":"page-blocks.php","meta":{"footnotes":""},"_links":{"self":[{"href":"https:\/\/sindifer.com.br\/sndfr\/wp-json\/wp\/v2\/pages\/3671"}],"collection":[{"href":"https:\/\/sindifer.com.br\/sndfr\/wp-json\/wp\/v2\/pages"}],"about":[{"href":"https:\/\/sindifer.com.br\/sndfr\/wp-json\/wp\/v2\/types\/page"}],"author":[{"embeddable":true,"href":"https:\/\/sindifer.com.br\/sndfr\/wp-json\/wp\/v2\/users\/1"}],"replies":[{"embeddable":true,"href":"https:\/\/sindifer.com.br\/sndfr\/wp-json\/wp\/v2\/comments?post=3671"}],"version-history":[{"count":4,"href":"https:\/\/sindifer.com.br\/sndfr\/wp-json\/wp\/v2\/pages\/3671\/revisions"}],"predecessor-version":[{"id":5083,"href":"https:\/\/sindifer.com.br\/sndfr\/wp-json\/wp\/v2\/pages\/3671\/revisions\/5083"}],"wp:attachment":[{"href":"https:\/\/sindifer.com.br\/sndfr\/wp-json\/wp\/v2\/media?parent=3671"}],"curies":[{"name":"wp","href":"https:\/\/api.w.org\/{rel}","templated":true}]}}