{"id":3787,"date":"2021-03-04T17:32:54","date_gmt":"2021-03-04T17:32:54","guid":{"rendered":"http:\/\/sindifer.com.br\/sndfr\/?page_id=3787"},"modified":"2025-04-15T16:44:42","modified_gmt":"2025-04-15T16:44:42","slug":"anuario-estatistico","status":"publish","type":"page","link":"https:\/\/sindifer.com.br\/sndfr\/en\/anuario-estatistico\/","title":{"rendered":"Statistical Yearbook"},"content":{"rendered":"<div class=\"ts-row blocks cf wpb_row\"><div class=\"wpb_column vc_column_container vc_col-sm-12 col-12\"><div class=\"vc_column-inner\"><div class=\"wpb_wrapper\">\n\t<div class=\"wpb_text_column wpb_content_element post-content\">\n\t\t<div class=\"wpb_wrapper\">\n\t\t\t<div class=\"_df_book df-lite\" id=\"df_4887\"  data-title=\"2025-portugues-english\" _slug=\"2025-portugues-english\" wpoptions=\"true\" thumb=\"http:\/\/sindifer.com.br\/sndfr\/wp-content\/uploads\/2025\/04\/Anuario-Yearbook-2025-SINDIFER_-_page-0001-scaled.jpg\" thumbtype=\"bg\" ><\/div><script class=\"df-shortcode-script\" type=\"application\/javascript\">window.option_df_4887 = {\"outline\":[],\"forceFit\":\"true\",\"autoEnableOutline\":\"false\",\"autoEnableThumbnail\":\"false\",\"overwritePDFOutline\":\"false\",\"direction\":\"1\",\"pageSize\":\"0\",\"source\":\"http:\\\/\\\/sindifer.com.br\\\/sndfr\\\/wp-content\\\/uploads\\\/2025\\\/04\\\/Anuario-Yearbook-2025-SINDIFER_-.pdf\",\"wpOptions\":\"true\"}; if(window.DFLIP && window.DFLIP.parseBooks){window.DFLIP.parseBooks();}<\/script>\n<div class=\"_df_thumb\" id=\"df_4303\"  data-title=\"2024-portugues-english\" _slug=\"2024-portugues-english\" wpoptions=\"true\" thumb=\"http:\/\/sindifer.com.br\/sndfr\/wp-content\/uploads\/2024\/05\/WhatsApp-Image-2024-05-08-at-14.47.06.jpeg\" thumbtype=\"bg\" >2024 Portugu\u00eas\/English<\/div><script class=\"df-shortcode-script\" type=\"application\/javascript\">window.option_df_4303 = {\"outline\":[],\"forceFit\":\"true\",\"autoEnableOutline\":\"false\",\"autoEnableThumbnail\":\"false\",\"overwritePDFOutline\":\"false\",\"direction\":\"1\",\"pageSize\":\"0\",\"source\":\"http:\\\/\\\/sindifer.com.br\\\/sndfr\\\/wp-content\\\/uploads\\\/2024\\\/05\\\/Anuario-Yearbook-SINDIFER-2024-.pdf\",\"wpOptions\":\"true\"}; if(window.DFLIP && window.DFLIP.parseBooks){window.DFLIP.parseBooks();}<\/script><div class=\"_df_thumb\" id=\"df_4099\"  data-title=\"2023-portugues-english\" _slug=\"2023-portugues-english\" wpoptions=\"true\" thumb=\"http:\/\/sindifer.com.br\/sndfr\/wp-content\/uploads\/2023\/06\/capa-sindifer-2023.png\" thumbtype=\"bg\" >2023 Portugu\u00eas\/English<\/div><script class=\"df-shortcode-script\" type=\"application\/javascript\">window.option_df_4099 = {\"outline\":[],\"forceFit\":\"true\",\"autoEnableOutline\":\"false\",\"autoEnableThumbnail\":\"false\",\"overwritePDFOutline\":\"false\",\"direction\":\"1\",\"pageSize\":\"0\",\"source\":\"http:\\\/\\\/sindifer.com.br\\\/sndfr\\\/wp-content\\\/uploads\\\/2023\\\/06\\\/SNDIFER_Relatorio_Anual_2023_21x285cm_baixa-1.pdf\",\"wpOptions\":\"true\"}; if(window.DFLIP && window.DFLIP.parseBooks){window.DFLIP.parseBooks();}<\/script><div class=\"_df_thumb\" id=\"df_4075\"  data-title=\"2022-portugues-english\" _slug=\"4075\" wpoptions=\"true\" thumb=\"http:\/\/sindifer.com.br\/sndfr\/wp-content\/uploads\/2022\/06\/SNDIFER-Anuario-Yearbook-2022-1.jpg\" thumbtype=\"bg\" >2022 Portugu\u00eas\/English<\/div><script class=\"df-shortcode-script\" type=\"application\/javascript\">window.option_df_4075 = {\"outline\":[],\"forceFit\":\"true\",\"autoEnableOutline\":\"false\",\"autoEnableThumbnail\":\"false\",\"overwritePDFOutline\":\"false\",\"direction\":\"1\",\"pageSize\":\"0\",\"source\":\"http:\\\/\\\/sindifer.com.br\\\/sndfr\\\/wp-content\\\/uploads\\\/2022\\\/06\\\/SNDIFER_Relatorio_Anual_2021_21x285cm_digital.pdf\",\"wpOptions\":\"true\"}; if(window.DFLIP && window.DFLIP.parseBooks){window.DFLIP.parseBooks();}<\/script><div class=\"_df_thumb\" id=\"df_3881\"  data-title=\"2021-portugues-english\" _slug=\"2021-portugues-english\" wpoptions=\"true\" thumb=\"http:\/\/sindifer.com.br\/sndfr\/wp-content\/uploads\/2021\/04\/Anuario-Sindifer-2021-Ingles-Portugues-Baixa-1.jpg\" thumbtype=\"bg\" >2021 Portugu\u00eas\/English<\/div><script class=\"df-shortcode-script\" type=\"application\/javascript\">window.option_df_3881 = {\"outline\":[],\"forceFit\":\"true\",\"autoEnableOutline\":\"false\",\"autoEnableThumbnail\":\"false\",\"overwritePDFOutline\":\"false\",\"direction\":\"1\",\"pageSize\":\"0\",\"source\":\"http:\\\/\\\/sindifer.com.br\\\/sndfr\\\/wp-content\\\/uploads\\\/2021\\\/04\\\/Anua\\u0301rio-Sindifer-Yearbook-2021-1-1.pdf\",\"wpOptions\":\"true\"}; if(window.DFLIP && window.DFLIP.parseBooks){window.DFLIP.parseBooks();}<\/script><div class=\"_df_thumb\" id=\"df_3790\"  data-title=\"2020-portugues-english\" _slug=\"anuario-sindifer-2020-portugues-e-ingles\" wpoptions=\"true\" thumb=\"http:\/\/sindifer.com.br\/sndfr\/wp-content\/uploads\/2021\/03\/Anua\u0301rio-Sindifer-2020-Ingle\u0302s-Portugue\u0302s-Baixa-Paginado-1.jpg\" thumbtype=\"bg\" >2020 &#8211; Portugu\u00eas \/ English<\/div><script class=\"df-shortcode-script\" type=\"application\/javascript\">window.option_df_3790 = {\"outline\":[],\"forceFit\":\"true\",\"autoEnableOutline\":\"false\",\"autoEnableThumbnail\":\"false\",\"overwritePDFOutline\":\"false\",\"direction\":\"1\",\"pageSize\":\"0\",\"source\":\"http:\\\/\\\/sindifer.com.br\\\/sndfr\\\/wp-content\\\/uploads\\\/2021\\\/03\\\/Anua\\u0301rio-Sindifer-2020-Ingle\\u0302s-Portugue\\u0302s-Baixa-Paginado.pdf\",\"wpOptions\":\"true\"}; if(window.DFLIP && window.DFLIP.parseBooks){window.DFLIP.parseBooks();}<\/script> <div class=\"_df_thumb\" id=\"df_3796\"  data-title=\"2019-portugues\" _slug=\"3796\" wpoptions=\"true\" thumb=\"http:\/\/sindifer.com.br\/sndfr\/wp-content\/uploads\/2021\/03\/Anua\u0301rio-Sindifer-2019-1-1.jpg\" thumbtype=\"bg\" >2019 &#8211; Portugu\u00eas<\/div><script class=\"df-shortcode-script\" type=\"application\/javascript\">window.option_df_3796 = {\"outline\":[],\"forceFit\":\"true\",\"autoEnableOutline\":\"false\",\"autoEnableThumbnail\":\"false\",\"overwritePDFOutline\":\"false\",\"direction\":\"1\",\"pageSize\":\"0\",\"source\":\"http:\\\/\\\/sindifer.com.br\\\/sndfr\\\/wp-content\\\/uploads\\\/2021\\\/03\\\/Anua\\u0301rio-Sindifer-2019.pdf\",\"wpOptions\":\"true\"}; if(window.DFLIP && window.DFLIP.parseBooks){window.DFLIP.parseBooks();}<\/script><div class=\"_df_thumb\" id=\"df_3808\"  data-title=\"2019-english\" _slug=\"2019-english\" wpoptions=\"true\" thumb=\"http:\/\/sindifer.com.br\/sndfr\/wp-content\/uploads\/2021\/03\/Statistical-Yearbook-2019-1.jpg\" thumbtype=\"bg\" >2019 &#8211; English<\/div><script class=\"df-shortcode-script\" type=\"application\/javascript\">window.option_df_3808 = {\"outline\":[],\"forceFit\":\"true\",\"autoEnableOutline\":\"false\",\"autoEnableThumbnail\":\"false\",\"overwritePDFOutline\":\"false\",\"direction\":\"1\",\"pageSize\":\"0\",\"source\":\"http:\\\/\\\/sindifer.com.br\\\/sndfr\\\/wp-content\\\/uploads\\\/2021\\\/03\\\/Statistical-Yearbook-2019.pdf\",\"wpOptions\":\"true\"}; if(window.DFLIP && window.DFLIP.parseBooks){window.DFLIP.parseBooks();}<\/script><div class=\"_df_thumb\" id=\"df_3813\"  data-title=\"2017-portugues\" _slug=\"2017-portugues\" wpoptions=\"true\" thumb=\"http:\/\/sindifer.com.br\/sndfr\/wp-content\/uploads\/2021\/03\/Anuario-Estatistico-2017-1.jpg\" thumbtype=\"bg\" >2017 -Portugu\u00eas<\/div><script class=\"df-shortcode-script\" type=\"application\/javascript\">window.option_df_3813 = {\"outline\":[],\"forceFit\":\"true\",\"autoEnableOutline\":\"false\",\"autoEnableThumbnail\":\"false\",\"overwritePDFOutline\":\"false\",\"direction\":\"1\",\"pageSize\":\"0\",\"source\":\"http:\\\/\\\/sindifer.com.br\\\/sndfr\\\/wp-content\\\/uploads\\\/2021\\\/03\\\/Anuario-Estatistico-2017.pdf\",\"wpOptions\":\"true\"}; if(window.DFLIP && window.DFLIP.parseBooks){window.DFLIP.parseBooks();}<\/script><div class=\"_df_thumb\" id=\"df_3824\"  data-title=\"2017-english\" _slug=\"2017-english\" wpoptions=\"true\" thumb=\"http:\/\/sindifer.com.br\/sndfr\/wp-content\/uploads\/2021\/03\/Statistical-Yearbook-2017-1.jpg\" thumbtype=\"bg\" >2017 &#8211; English<\/div><script class=\"df-shortcode-script\" type=\"application\/javascript\">window.option_df_3824 = {\"outline\":[],\"forceFit\":\"true\",\"autoEnableOutline\":\"false\",\"autoEnableThumbnail\":\"false\",\"overwritePDFOutline\":\"false\",\"direction\":\"1\",\"pageSize\":\"0\",\"source\":\"http:\\\/\\\/sindifer.com.br\\\/sndfr\\\/wp-content\\\/uploads\\\/2021\\\/03\\\/Statistical-Yearbook-2017.pdf\",\"wpOptions\":\"true\"}; if(window.DFLIP && window.DFLIP.parseBooks){window.DFLIP.parseBooks();}<\/script><div class=\"_df_thumb\" id=\"df_3827\"  data-title=\"2016-portugues\" _slug=\"2016-portugues\" wpoptions=\"true\" thumb=\"http:\/\/sindifer.com.br\/sndfr\/wp-content\/uploads\/2021\/03\/Anuario-Estatistico-2016-1.jpg\" thumbtype=\"bg\" >2016 &#8211; Portugu\u00eas<\/div><script class=\"df-shortcode-script\" type=\"application\/javascript\">window.option_df_3827 = {\"outline\":[],\"forceFit\":\"true\",\"autoEnableOutline\":\"false\",\"autoEnableThumbnail\":\"false\",\"overwritePDFOutline\":\"false\",\"direction\":\"1\",\"pageSize\":\"0\",\"source\":\"http:\\\/\\\/sindifer.com.br\\\/sndfr\\\/wp-content\\\/uploads\\\/2021\\\/03\\\/Anuario-Estatistico-2016.pdf\",\"wpOptions\":\"true\"}; if(window.DFLIP && window.DFLIP.parseBooks){window.DFLIP.parseBooks();}<\/script><div class=\"_df_thumb\" id=\"df_3830\"  data-title=\"2016-english\" _slug=\"2016-english\" wpoptions=\"true\" thumb=\"http:\/\/sindifer.com.br\/sndfr\/wp-content\/uploads\/2021\/03\/Statistical-Yearbook-2016-1.jpg\" thumbtype=\"bg\" >2016 &#8211; English<\/div><script class=\"df-shortcode-script\" type=\"application\/javascript\">window.option_df_3830 = {\"outline\":[],\"forceFit\":\"true\",\"autoEnableOutline\":\"false\",\"autoEnableThumbnail\":\"false\",\"overwritePDFOutline\":\"false\",\"direction\":\"1\",\"pageSize\":\"0\",\"source\":\"http:\\\/\\\/sindifer.com.br\\\/sndfr\\\/wp-content\\\/uploads\\\/2021\\\/03\\\/Statistical-Yearbook-2016-.pdf\",\"wpOptions\":\"true\"}; if(window.DFLIP && window.DFLIP.parseBooks){window.DFLIP.parseBooks();}<\/script><div class=\"_df_thumb\" id=\"df_3849\"  data-title=\"2015-portugues\" _slug=\"2015-portugues\" wpoptions=\"true\" thumb=\"http:\/\/sindifer.com.br\/sndfr\/wp-content\/uploads\/2021\/04\/Anuario-Estatistico-2015-1.jpg\" thumbtype=\"bg\" >2015 &#8211; Portugu\u00eas<\/div><script class=\"df-shortcode-script\" type=\"application\/javascript\">window.option_df_3849 = {\"outline\":[],\"forceFit\":\"true\",\"autoEnableOutline\":\"false\",\"autoEnableThumbnail\":\"false\",\"overwritePDFOutline\":\"false\",\"direction\":\"1\",\"pageSize\":\"0\",\"source\":\"http:\\\/\\\/sindifer.com.br\\\/sndfr\\\/wp-content\\\/uploads\\\/2021\\\/04\\\/Anuario-Estatistico-2015-.pdf\",\"wpOptions\":\"true\"}; if(window.DFLIP && window.DFLIP.parseBooks){window.DFLIP.parseBooks();}<\/script><div class=\"_df_thumb\" id=\"df_3855\"  data-title=\"2015-english\" _slug=\"2015-english\" wpoptions=\"true\" thumb=\"http:\/\/sindifer.com.br\/sndfr\/wp-content\/uploads\/2021\/04\/Statistical-Yearbook-2015-1.jpg\" thumbtype=\"bg\" >2015 &#8211; English<\/div><script class=\"df-shortcode-script\" type=\"application\/javascript\">window.option_df_3855 = {\"outline\":[],\"forceFit\":\"true\",\"autoEnableOutline\":\"false\",\"autoEnableThumbnail\":\"false\",\"overwritePDFOutline\":\"false\",\"direction\":\"1\",\"pageSize\":\"0\",\"source\":\"http:\\\/\\\/sindifer.com.br\\\/sndfr\\\/wp-content\\\/uploads\\\/2021\\\/04\\\/Statistical-Yearbook-2015-.pdf\",\"wpOptions\":\"true\"}; if(window.DFLIP && window.DFLIP.parseBooks){window.DFLIP.parseBooks();}<\/script><div class=\"_df_thumb\" id=\"df_3839\"  data-title=\"2014-portugues\" _slug=\"2014-portugues\" wpoptions=\"true\" thumb=\"http:\/\/sindifer.com.br\/sndfr\/wp-content\/uploads\/2021\/04\/Anuairio-Estatistico-2014-1.jpg\" thumbtype=\"bg\" >2014 &#8211; Portugu\u00eas<\/div><script class=\"df-shortcode-script\" type=\"application\/javascript\">window.option_df_3839 = {\"outline\":[],\"forceFit\":\"true\",\"autoEnableOutline\":\"false\",\"autoEnableThumbnail\":\"false\",\"overwritePDFOutline\":\"false\",\"direction\":\"1\",\"pageSize\":\"0\",\"source\":\"http:\\\/\\\/sindifer.com.br\\\/sndfr\\\/wp-content\\\/uploads\\\/2021\\\/04\\\/Anuairio-Estatistico-2014.pdf\",\"wpOptions\":\"true\"}; if(window.DFLIP && window.DFLIP.parseBooks){window.DFLIP.parseBooks();}<\/script><div class=\"_df_thumb\" id=\"df_3845\"  data-title=\"2014-english\" _slug=\"2014-english\" wpoptions=\"true\" thumb=\"http:\/\/sindifer.com.br\/sndfr\/wp-content\/uploads\/2021\/04\/Statistical-Yearbook-2014-1.jpg\" thumbtype=\"bg\" >2014 &#8211; English<\/div><script class=\"df-shortcode-script\" type=\"application\/javascript\">window.option_df_3845 = {\"outline\":[],\"forceFit\":\"true\",\"autoEnableOutline\":\"false\",\"autoEnableThumbnail\":\"false\",\"overwritePDFOutline\":\"false\",\"direction\":\"1\",\"pageSize\":\"0\",\"source\":\"http:\\\/\\\/sindifer.com.br\\\/sndfr\\\/wp-content\\\/uploads\\\/2021\\\/04\\\/Statistical-Yearbook-2014.pdf\",\"wpOptions\":\"true\"}; if(window.DFLIP && window.DFLIP.parseBooks){window.DFLIP.parseBooks();}<\/script><div class=\"_df_thumb\" id=\"df_3859\"  data-title=\"2013-portugues\" _slug=\"2013-portugues\" wpoptions=\"true\" thumb=\"http:\/\/sindifer.com.br\/sndfr\/wp-content\/uploads\/2021\/04\/Anuario-Estatistico-2013-1.jpg\" thumbtype=\"bg\" >2013 &#8211; Portugu\u00eas<\/div><script class=\"df-shortcode-script\" type=\"application\/javascript\">window.option_df_3859 = {\"outline\":[],\"forceFit\":\"true\",\"autoEnableOutline\":\"false\",\"autoEnableThumbnail\":\"false\",\"overwritePDFOutline\":\"false\",\"direction\":\"1\",\"pageSize\":\"0\",\"source\":\"http:\\\/\\\/sindifer.com.br\\\/sndfr\\\/wp-content\\\/uploads\\\/2021\\\/04\\\/Anua\\u0301rio-Estatistico-2013-.pdf\",\"wpOptions\":\"true\"}; if(window.DFLIP && window.DFLIP.parseBooks){window.DFLIP.parseBooks();}<\/script><div class=\"_df_thumb\" id=\"df_3869\"  data-title=\"2013-english\" _slug=\"3869\" wpoptions=\"true\" thumb=\"http:\/\/sindifer.com.br\/sndfr\/wp-content\/uploads\/2021\/04\/Statistical-Yearbook-2013-1.jpg\" thumbtype=\"bg\" >2013 &#8211; English<\/div><script class=\"df-shortcode-script\" type=\"application\/javascript\">window.option_df_3869 = {\"outline\":[],\"forceFit\":\"true\",\"autoEnableOutline\":\"false\",\"autoEnableThumbnail\":\"false\",\"overwritePDFOutline\":\"false\",\"direction\":\"1\",\"pageSize\":\"0\",\"source\":\"http:\\\/\\\/sindifer.com.br\\\/sndfr\\\/wp-content\\\/uploads\\\/2021\\\/04\\\/Statistical-Yearbook-2013.pdf\",\"wpOptions\":\"true\"}; if(window.DFLIP && window.DFLIP.parseBooks){window.DFLIP.parseBooks();}<\/script><div class=\"_df_thumb\" id=\"df_3873\"  data-title=\"2012-portugues\" _slug=\"2012-portugues\" wpoptions=\"true\" thumb=\"http:\/\/sindifer.com.br\/sndfr\/wp-content\/uploads\/2021\/04\/Anuario-Estatistico-2012-1.jpg\" thumbtype=\"bg\" >2012 &#8211; Portugu\u00eas<\/div><script class=\"df-shortcode-script\" type=\"application\/javascript\">window.option_df_3873 = {\"outline\":[],\"forceFit\":\"true\",\"autoEnableOutline\":\"false\",\"autoEnableThumbnail\":\"false\",\"overwritePDFOutline\":\"false\",\"direction\":\"1\",\"pageSize\":\"0\",\"source\":\"http:\\\/\\\/sindifer.com.br\\\/sndfr\\\/wp-content\\\/uploads\\\/2021\\\/04\\\/Anuario-Estatistico-2012-.pdf\",\"wpOptions\":\"true\"}; if(window.DFLIP && window.DFLIP.parseBooks){window.DFLIP.parseBooks();}<\/script><div class=\"_df_thumb\" id=\"df_3875\"  data-title=\"2012-english\" _slug=\"2012-english\" wpoptions=\"true\" thumb=\"http:\/\/sindifer.com.br\/sndfr\/wp-content\/uploads\/2021\/04\/Statistical-Yearbook-2012-1-1.jpg\" thumbtype=\"bg\" >2012 &#8211; English<\/div><script class=\"df-shortcode-script\" type=\"application\/javascript\">window.option_df_3875 = {\"outline\":[],\"forceFit\":\"true\",\"autoEnableOutline\":\"false\",\"autoEnableThumbnail\":\"false\",\"overwritePDFOutline\":\"false\",\"direction\":\"1\",\"pageSize\":\"0\",\"source\":\"http:\\\/\\\/sindifer.com.br\\\/sndfr\\\/wp-content\\\/uploads\\\/2021\\\/04\\\/Statistical-Yearbook-2012-1-1.pdf\",\"wpOptions\":\"true\"}; if(window.DFLIP && window.DFLIP.parseBooks){window.DFLIP.parseBooks();}<\/script><\/p>\n\n\t\t<\/div>\n\t<\/div>\n<\/div><\/div><\/div><\/div>","protected":false},"excerpt":{"rendered":"2024 Portugu\u00eas\/English2023 Portugu\u00eas\/English2022 Portugu\u00eas\/English2021 Portugu\u00eas\/English2020 &#8211; Portugu\u00eas \/ English 2019 &#8211; Portugu\u00eas2019 &#8211; English2017 -Portugu\u00eas2017 &#8211; English2016 &#8211; Portugu\u00eas2016 &#8211; English2015 &#8211; Portugu\u00eas2015 &#8211; English2014 &#8211; Portugu\u00eas2014 &#8211; English2013 &#8211; Portugu\u00eas2013 &#8211; English2012 &#8211; Portugu\u00eas2012 &#8211; English","protected":false},"author":1,"featured_media":0,"parent":0,"menu_order":0,"comment_status":"closed","ping_status":"closed","template":"page-blocks.php","meta":{"footnotes":""},"_links":{"self":[{"href":"https:\/\/sindifer.com.br\/sndfr\/en\/wp-json\/wp\/v2\/pages\/3787"}],"collection":[{"href":"https:\/\/sindifer.com.br\/sndfr\/en\/wp-json\/wp\/v2\/pages"}],"about":[{"href":"https:\/\/sindifer.com.br\/sndfr\/en\/wp-json\/wp\/v2\/types\/page"}],"author":[{"embeddable":true,"href":"https:\/\/sindifer.com.br\/sndfr\/en\/wp-json\/wp\/v2\/users\/1"}],"replies":[{"embeddable":true,"href":"https:\/\/sindifer.com.br\/sndfr\/en\/wp-json\/wp\/v2\/comments?post=3787"}],"version-history":[{"count":31,"href":"https:\/\/sindifer.com.br\/sndfr\/en\/wp-json\/wp\/v2\/pages\/3787\/revisions"}],"predecessor-version":[{"id":4891,"href":"https:\/\/sindifer.com.br\/sndfr\/en\/wp-json\/wp\/v2\/pages\/3787\/revisions\/4891"}],"wp:attachment":[{"href":"https:\/\/sindifer.com.br\/sndfr\/en\/wp-json\/wp\/v2\/media?parent=3787"}],"curies":[{"name":"wp","href":"https:\/\/api.w.org\/{rel}","templated":true}]}}