{"id":3704,"date":"2020-11-17T15:01:29","date_gmt":"2020-11-17T15:01:29","guid":{"rendered":"http:\/\/site1376403696.hospedagemdesites.ws\/sndfr\/?page_id=3704"},"modified":"2021-05-24T18:09:17","modified_gmt":"2021-05-24T18:09:17","slug":"licensiamento-ambiental","status":"publish","type":"page","link":"https:\/\/sindifer.com.br\/sndfr\/en\/licensiamento-ambiental\/","title":{"rendered":"Environmental Licensing"},"content":{"rendered":"<p>Like any other activity that cause changes to the environment, the pig iron producers are subjected to the environmental licensing. This licensing is granted by COPAM \u2013 State Council for Environmental Policy at State level or by competent municipal agencies when this prerogative is granted to the Municipality through specific agreement.<\/p>\n\n\n\n<p>Licensing agencies, whether state or municipal are composed of representatives of federal, state and municipal governments, besides non-governmental organizations, productive sector and organized civil society.<\/p>\n\n\n\n<p>The company interested in obtaining the license must present a detailed technical project of its industrial operations, a Study of Environmental Impact and a Report of Environmental Impact (EIA-RIMA) describing all the environmental impacts and presenting the measures to eliminate or to mitigate them.<\/p>\n\n\n\n<p>The activity is only licensed through a careful analysis of all the legal requirements and, mainly, after the fulfilment of all the measures for environmental protection.<\/p>","protected":false},"excerpt":{"rendered":"<p>Como toda e qualquer atividade que cause altera\u00e7\u00e3o ao meio ambiente, tamb\u00e9m as empresas produtoras de ferro-gusa est\u00e3o sujeitas ao licenciamento ambiental. Esse licenciamento \u00e9 concedido pelo COPAM&nbsp;\u2013 Conselho Estadual de Pol\u00edtica Ambiental, quando em n\u00edvel estadual, ou por \u00f3rg\u00e3os municipais constitu\u00eddos, quando ao munic\u00edpio \u00e9 outorgado o direito, atrav\u00e9s de conv\u00eanio espec\u00edfico. Os \u00f3rg\u00e3o<\/p>","protected":false},"author":1,"featured_media":0,"parent":0,"menu_order":0,"comment_status":"closed","ping_status":"closed","template":"","meta":{"footnotes":""},"_links":{"self":[{"href":"https:\/\/sindifer.com.br\/sndfr\/en\/wp-json\/wp\/v2\/pages\/3704"}],"collection":[{"href":"https:\/\/sindifer.com.br\/sndfr\/en\/wp-json\/wp\/v2\/pages"}],"about":[{"href":"https:\/\/sindifer.com.br\/sndfr\/en\/wp-json\/wp\/v2\/types\/page"}],"author":[{"embeddable":true,"href":"https:\/\/sindifer.com.br\/sndfr\/en\/wp-json\/wp\/v2\/users\/1"}],"replies":[{"embeddable":true,"href":"https:\/\/sindifer.com.br\/sndfr\/en\/wp-json\/wp\/v2\/comments?post=3704"}],"version-history":[{"count":2,"href":"https:\/\/sindifer.com.br\/sndfr\/en\/wp-json\/wp\/v2\/pages\/3704\/revisions"}],"predecessor-version":[{"id":3921,"href":"https:\/\/sindifer.com.br\/sndfr\/en\/wp-json\/wp\/v2\/pages\/3704\/revisions\/3921"}],"wp:attachment":[{"href":"https:\/\/sindifer.com.br\/sndfr\/en\/wp-json\/wp\/v2\/media?parent=3704"}],"curies":[{"name":"wp","href":"https:\/\/api.w.org\/{rel}","templated":true}]}}