{"id":3700,"date":"2020-11-17T14:57:34","date_gmt":"2020-11-17T14:57:34","guid":{"rendered":"http:\/\/site1376403696.hospedagemdesites.ws\/sndfr\/?page_id=3700"},"modified":"2021-02-25T21:02:43","modified_gmt":"2021-02-25T21:02:43","slug":"gusa-verde","status":"publish","type":"page","link":"https:\/\/sindifer.com.br\/sndfr\/en\/gusa-verde\/","title":{"rendered":"Green Pig Iron"},"content":{"rendered":"<p>Green pig iron is the name frequently used to distinguish and identify the pig iron produced with charcoal from renewable forest plantations, in comparison to that produced with coke from coal.<br>This is a very fair deference because it is a sustainable production that meets the requirements of environmental agencies.<br>Green pig iron requires the establishment of large areas of fast-growing forests. At each rotation age, usually 7 years, this wood is used to produce charcoal.<br>As it is widely known, all the plant organisms grow up through the photosynthesis, a biochemical reaction in which water and carbon dioxide are changed into carbohydrates under the sunlight energy. It is a natural process in which carbon sequestration and oxygen release promote a significant reduction in the impacts of greenhouse gases.<br>All the plants perform photosynthesis, however, because of their large leaf surface and their long cycle, trees are particularly efficient on this process. The physiology in living beings is always more intense in young organisms. A tree harvested at 7 years spent all its life capturing carbon dioxide from the atmosphere and releasing oxygen. Leaves and branches that fall on the ground become a mulch, which, over time will be incorporated to the soil where it remains indefinitely. Forest plantations constitute therefore a permanent sinker of carbon.<br>This balance can be summarized on the table below:<\/p>\n\n\n\n<h6 class=\"wp-block-heading\"><br>BALANCE OF CO2 IN THE PRODUCTION OF ONE TON OF PIG IRON<br>Source: Prof. Dr. Ronaldo S. Sampaio<\/h6>\n\n\n\n<table id=\"tablepress-1\" class=\"tablepress tablepress-id-1\">\n<thead>\n<tr class=\"row-1 odd\">\n\t<th class=\"column-1\">Production of pig iron \u2013 1 t<\/th><th class=\"column-2\">Absorbs<\/th><th class=\"column-3\">Releases<\/th>\n<\/tr>\n<\/thead>\n<tbody class=\"row-hover\">\n<tr class=\"row-2 even\">\n\t<td class=\"column-1\">Via Biomass<\/td><td class=\"column-2\">890 kg of CO2<\/td><td class=\"column-3\">203 kg of O2<\/td>\n<\/tr>\n<tr class=\"row-3 odd\">\n\t<td class=\"column-1\">Via Coke<\/td><td class=\"column-2\">990 kg of O2<\/td><td class=\"column-3\">1.750 kg of CO2<\/td>\n<\/tr>\n<\/tbody>\n<\/table>\n<!-- #tablepress-1 from cache -->\n\n\n\n<p>In a sustainable production system, for each hectare being harvested there are other six in growth phase, capturing CO2 and releasing O2 in the atmosphere. It is appropriate to remember that a rotation age of 7 years means that the tree lived all its life in intense physiologic activity.<br>The amount of CO2 captured by the forest in growth more than compensate the amount of CO2 emitted by the mill. Of course, in such comparison one must consider the volume of wood that is needed to produce a certain amount of pig iron.<br>A recent research work carried out by CIT SENAI (CIT \u2013 Center for Innovation and Technology) has confirmed that in the whole process, i. e. since the forest planting until the final production and storage of pig iron, including accessory services, moving of vehicles and machines, transportation of raw materials and workers, the balance is positive. The following results were observed:<br>Emissions: 2,049 kgCO2e\/t (kilograms of equivalent carbon dioxide per ton) of pig iron; absorption: 3,897 kgCO2e\/t of pig iron; Balance: 1,848 kgCO2e\/t of pig iron.<\/p>\n\n\n\n<p>In Minas Gerais and in Brazil, the pig iron industry uses charcoal in practically 100% of the plants.<\/p>\n\n\n\n<blockquote class=\"wp-block-quote\"><p>Photosynthesis is the largest chemical industry on Earth.<\/p><\/blockquote>\n\n\n\n<p><\/p>","protected":false},"excerpt":{"rendered":"<p>Gusa verde \u00e9 uma denomina\u00e7\u00e3o utilizada com frequ\u00eancia para distinguir e caracterizar o ferro-gusa produzido com carv\u00e3o vegetal origin\u00e1rio de florestas plantadas e renov\u00e1veis, em rela\u00e7\u00e3o ao produzido com coque de carv\u00e3o mineral.Trata-se de um deferimento, muito justo pois, \u00e9 uma produ\u00e7\u00e3o sustent\u00e1vel e, tamb\u00e9m, atende \u00e0s exig\u00eancias dos \u00f3rg\u00e3os ambientais.O gusa verde requer a<\/p>","protected":false},"author":1,"featured_media":0,"parent":0,"menu_order":0,"comment_status":"closed","ping_status":"closed","template":"","meta":{"footnotes":""},"_links":{"self":[{"href":"https:\/\/sindifer.com.br\/sndfr\/en\/wp-json\/wp\/v2\/pages\/3700"}],"collection":[{"href":"https:\/\/sindifer.com.br\/sndfr\/en\/wp-json\/wp\/v2\/pages"}],"about":[{"href":"https:\/\/sindifer.com.br\/sndfr\/en\/wp-json\/wp\/v2\/types\/page"}],"author":[{"embeddable":true,"href":"https:\/\/sindifer.com.br\/sndfr\/en\/wp-json\/wp\/v2\/users\/1"}],"replies":[{"embeddable":true,"href":"https:\/\/sindifer.com.br\/sndfr\/en\/wp-json\/wp\/v2\/comments?post=3700"}],"version-history":[{"count":7,"href":"https:\/\/sindifer.com.br\/sndfr\/en\/wp-json\/wp\/v2\/pages\/3700\/revisions"}],"predecessor-version":[{"id":3772,"href":"https:\/\/sindifer.com.br\/sndfr\/en\/wp-json\/wp\/v2\/pages\/3700\/revisions\/3772"}],"wp:attachment":[{"href":"https:\/\/sindifer.com.br\/sndfr\/en\/wp-json\/wp\/v2\/media?parent=3700"}],"curies":[{"name":"wp","href":"https:\/\/api.w.org\/{rel}","templated":true}]}}