{"id":3693,"date":"2020-11-17T14:40:08","date_gmt":"2020-11-17T14:40:08","guid":{"rendered":"http:\/\/site1376403696.hospedagemdesites.ws\/sndfr\/?page_id=3693"},"modified":"2020-11-17T14:54:36","modified_gmt":"2020-11-17T14:54:36","slug":"responsabilidade-social","status":"publish","type":"page","link":"https:\/\/sindifer.com.br\/sndfr\/en\/responsabilidade-social\/","title":{"rendered":"Social Responsibility"},"content":{"rendered":"<p>All the companies associated to SINDFER are committed with the generation of jobs and income, aiming to improve labor conditions and life quality of the workers and their families.<br>All those situations that may suggest an illegal relationship or on the contrary of good practices \u2013 like child labor \u2013 are abhorred by the sector, no matters how slight this relationship may be. This position is adopted not only by the companies but also by the suppliers and it is particularly emphasized in forestry and charcoal manufacturing.<br>At the communities where the companies are inserted, actions are implemented aiming the development in order to provide better life conditions for the residents in the townships and regions.<\/p>\n\n\n\n<h2 class=\"wp-block-heading\"><br>\u00a0Jobs and Income<\/h2>\n\n\n\n<p>Generation of Jobs and income is the strongest commitment of the company independent producers of pig iron.<br>The influence of the companies may be directly in all the operation branches but also in acculturation of direct suppliers, mainly forestry companies and charcoal production.<br>Those are intensive activities in the generation of direct and indirect jobs what expands further the results obtained that do not remain restricted to the company limits but reach all the community in general.<br>So, these two activities, pig iron and charcoal production are indeed important in:<\/p>\n\n\n\n<ul><li>Direct and indirect jobs;<\/li><li>Payment of fees and taxes;<\/li><li>Investments in infrastructure;<\/li><li>Consumption of locally produced goods;<\/li><li>Incentive to new businesses\u2013 including forest plantations on unproductive areas;<\/li><li>Participation in community activities.<br>Because of its (iron ore) deposits and available lands (either idle or with low productivity), the sector of pig iron and forestry\/charcoal have a great potential growth both in Minas Gerais and in Brazil.<\/li><\/ul>","protected":false},"excerpt":{"rendered":"<p>Todas as empresas associadas ao SINDIFER est\u00e3o comprometidas com a gera\u00e7\u00e3o de empregos e renda e tamb\u00e9m com a melhoria das condi\u00e7\u00f5es de trabalho e qualidade de vida dos trabalhadores e suas fam\u00edlias.Todas aquelas situa\u00e7\u00f5es que sugerem, por menor que seja uma rela\u00e7\u00e3o ilegal ou contr\u00e1ria \u00e0s boas pr\u00e1ticas, como o trabalho infantil, s\u00e3o abominadas<\/p>","protected":false},"author":1,"featured_media":0,"parent":0,"menu_order":0,"comment_status":"closed","ping_status":"closed","template":"","meta":{"footnotes":""},"_links":{"self":[{"href":"https:\/\/sindifer.com.br\/sndfr\/en\/wp-json\/wp\/v2\/pages\/3693"}],"collection":[{"href":"https:\/\/sindifer.com.br\/sndfr\/en\/wp-json\/wp\/v2\/pages"}],"about":[{"href":"https:\/\/sindifer.com.br\/sndfr\/en\/wp-json\/wp\/v2\/types\/page"}],"author":[{"embeddable":true,"href":"https:\/\/sindifer.com.br\/sndfr\/en\/wp-json\/wp\/v2\/users\/1"}],"replies":[{"embeddable":true,"href":"https:\/\/sindifer.com.br\/sndfr\/en\/wp-json\/wp\/v2\/comments?post=3693"}],"version-history":[{"count":2,"href":"https:\/\/sindifer.com.br\/sndfr\/en\/wp-json\/wp\/v2\/pages\/3693\/revisions"}],"predecessor-version":[{"id":3699,"href":"https:\/\/sindifer.com.br\/sndfr\/en\/wp-json\/wp\/v2\/pages\/3693\/revisions\/3699"}],"wp:attachment":[{"href":"https:\/\/sindifer.com.br\/sndfr\/en\/wp-json\/wp\/v2\/media?parent=3693"}],"curies":[{"name":"wp","href":"https:\/\/api.w.org\/{rel}","templated":true}]}}