{"id":3677,"date":"2020-11-17T14:08:47","date_gmt":"2020-11-17T14:08:47","guid":{"rendered":"http:\/\/site1376403696.hospedagemdesites.ws\/sndfr\/?page_id=3677"},"modified":"2020-11-17T14:08:48","modified_gmt":"2020-11-17T14:08:48","slug":"constituicao-do-sindifer","status":"publish","type":"page","link":"https:\/\/sindifer.com.br\/sndfr\/en\/constituicao-do-sindifer\/","title":{"rendered":"Establishment of SINDIFER"},"content":{"rendered":"<p>The Union was constituted in a General Meeting that took place on the 30th\nof April, 1933. This Meeting was chaired by Mr. Jos\u00e9 da Silva Brand\u00e3o. Mr.\nAlcindo da Silva Vieira and Mr. Alfredo Gomes dos Santos served both as\nsecretaries.<\/p>\n\n\n\n<p>At the Meeting, among other decisions, it was defined the name \u201cUnion of\nIron Industrials\u201d and elected the first board of directors; President: Dr.\nEuvaldo Lodi, Secretary: Mr. Alcindo da Silva Vieira and Treasurer: Mr.\nOrestes Giannetti.<\/p>\n\n\n\n<p>Name change, replacing \u201cIron Industrials\u201d by \u201cIron Industry\u201d was decided in\nan Extraordinary General Meeting held on October 15, 1940. This change\nwas a need to make the name consistent with Article 1 st of Decree-Law No.\n2381 dated the 9 th of July, 1940. Among other economic categories, the\nreferred Decree-Law included \u201cIron Industry\u201d (Steel mills).<\/p>\n\n\n\n<p>Since its founding, 14 Presidents\/Board of Directors have alternated and accomplished 28 terms.<\/p>\n\n\n\n<p>Until August 1968, the terms did not follow a strict length of time; as of\nthen, after determined in General Meeting, the terms have had 3 years (36\nmonths) except the one that started in August 1995. For adjustment of\ndates, this term lasted 40 months and ended in December, 1998.<\/p>","protected":false},"excerpt":{"rendered":"<p>O Sindicato foi constitu\u00eddo em uma Assembleia Geral que aconteceu em 30 de abril de 1933, presidida pelo Sr. Jos\u00e9 da Silva Brand\u00e3o e Secretariada pelos Senhores: Alcindo da Silva Vieira e Alfredo Gomes dos Santos. Na Assembleia, entre outras delibera\u00e7\u00f5es, foi definido o nome \u201cSindicato dos Industriaes do Ferro\u201d (na \u00e9poca Industriais escrevia-se com<\/p>","protected":false},"author":1,"featured_media":0,"parent":0,"menu_order":0,"comment_status":"closed","ping_status":"closed","template":"","meta":{"footnotes":""},"_links":{"self":[{"href":"https:\/\/sindifer.com.br\/sndfr\/en\/wp-json\/wp\/v2\/pages\/3677"}],"collection":[{"href":"https:\/\/sindifer.com.br\/sndfr\/en\/wp-json\/wp\/v2\/pages"}],"about":[{"href":"https:\/\/sindifer.com.br\/sndfr\/en\/wp-json\/wp\/v2\/types\/page"}],"author":[{"embeddable":true,"href":"https:\/\/sindifer.com.br\/sndfr\/en\/wp-json\/wp\/v2\/users\/1"}],"replies":[{"embeddable":true,"href":"https:\/\/sindifer.com.br\/sndfr\/en\/wp-json\/wp\/v2\/comments?post=3677"}],"version-history":[{"count":1,"href":"https:\/\/sindifer.com.br\/sndfr\/en\/wp-json\/wp\/v2\/pages\/3677\/revisions"}],"predecessor-version":[{"id":3678,"href":"https:\/\/sindifer.com.br\/sndfr\/en\/wp-json\/wp\/v2\/pages\/3677\/revisions\/3678"}],"wp:attachment":[{"href":"https:\/\/sindifer.com.br\/sndfr\/en\/wp-json\/wp\/v2\/media?parent=3677"}],"curies":[{"name":"wp","href":"https:\/\/api.w.org\/{rel}","templated":true}]}}