{"id":3669,"date":"2020-11-17T13:56:56","date_gmt":"2020-11-17T13:56:56","guid":{"rendered":"http:\/\/site1376403696.hospedagemdesites.ws\/sndfr\/?page_id=3669"},"modified":"2020-11-17T13:56:57","modified_gmt":"2020-11-17T13:56:57","slug":"apresentacao","status":"publish","type":"page","link":"https:\/\/sindifer.com.br\/sndfr\/en\/apresentacao\/","title":{"rendered":"Introduction"},"content":{"rendered":"<p>SINDIFER - Union of the Iron Industry in the State of Minas Gerais represents the industries (Mills) independent producers of Pig Iron in the State of Minas Gerais that are affiliated\/associated to it, representing them in the labor area and, institutionally in the other areas such as: Tributary, Environment etc.<br>Institutionally, the SINDIFER also represents the independent Pig Iron producers from other states and Steel Mills in Minas Gerais that spontaneously associate to the Union.<br>It was constituted on the 30th of April 1933 by a group of businessmen that felt the need to join themselves and so to strengthen and to have representativity to face the great challenges of being an entrepreneur.<br>Presently, the Union holds 26 associated companies, out of which, 22 are independent pig iron producers and 3 are integrated to the steel production.\nThe Union is managed by a President, a Deliberative Council of 11 members and a Fiscal Council. The members represent the affiliated\/associated companies and their terms last 3 years.<\/p>","protected":false},"excerpt":{"rendered":"<p>O Sindicato da Ind\u00fastria do Ferro no Estado de Minas Gerais \u2013 SINDIFER, representa as ind\u00fastrias (Usinas) produtoras independentes de Ferro Gusa do estado de Minas Gerais, a ele filiadas\/associadas, representando-as na \u00e1rea trabalhista e institucionalmente nas demais \u00e1reas, como: Tribut\u00e1ria, Meio Ambiente etc.Tamb\u00e9m, institucionalmente, ind\u00fastrias produtoras independentes de Ferro Gusa de outros estados e<\/p>","protected":false},"author":1,"featured_media":0,"parent":0,"menu_order":0,"comment_status":"closed","ping_status":"closed","template":"","meta":{"footnotes":""},"_links":{"self":[{"href":"https:\/\/sindifer.com.br\/sndfr\/en\/wp-json\/wp\/v2\/pages\/3669"}],"collection":[{"href":"https:\/\/sindifer.com.br\/sndfr\/en\/wp-json\/wp\/v2\/pages"}],"about":[{"href":"https:\/\/sindifer.com.br\/sndfr\/en\/wp-json\/wp\/v2\/types\/page"}],"author":[{"embeddable":true,"href":"https:\/\/sindifer.com.br\/sndfr\/en\/wp-json\/wp\/v2\/users\/1"}],"replies":[{"embeddable":true,"href":"https:\/\/sindifer.com.br\/sndfr\/en\/wp-json\/wp\/v2\/comments?post=3669"}],"version-history":[{"count":1,"href":"https:\/\/sindifer.com.br\/sndfr\/en\/wp-json\/wp\/v2\/pages\/3669\/revisions"}],"predecessor-version":[{"id":3670,"href":"https:\/\/sindifer.com.br\/sndfr\/en\/wp-json\/wp\/v2\/pages\/3669\/revisions\/3670"}],"wp:attachment":[{"href":"https:\/\/sindifer.com.br\/sndfr\/en\/wp-json\/wp\/v2\/media?parent=3669"}],"curies":[{"name":"wp","href":"https:\/\/api.w.org\/{rel}","templated":true}]}}